{"id":2494,"date":"2020-04-06T15:21:51","date_gmt":"2020-04-06T13:21:51","guid":{"rendered":"https:\/\/demosite78.dominimarketing01.it\/vini-2\/gewurztraminer-passito-doc\/"},"modified":"2021-03-29T12:01:30","modified_gmt":"2021-03-29T10:01:30","slug":"gewurztraminer-passito-doc","status":"publish","type":"page","link":"https:\/\/demosite78.dominimarketing01.it\/de\/vini-2\/gewurztraminer-passito-doc\/","title":{"rendered":"Gew\u00fcrztraminer Passito DOC"},"content":{"rendered":"<p>[vc_row full_width=&#8220;stretch_row_content&#8220; bg_type=&#8220;image&#8220; parallax_style=&#8220;vcpb-default&#8220; bg_image_new=&#8220;id^1430|url^https:\/\/demosite78.dominimarketing01.it\/wp-content\/uploads\/header-gewurztraminer-81.png|caption^null|alt^null|title^header-gewurztraminer-81|description^null&#8220; bg_image_repeat=&#8220;no-repeat&#8220; bg_image_size=&#8220;initial&#8220; bg_img_attach=&#8220;fixed&#8220; bg_image_posiiton=&#8220;right bottom&#8220; css=&#8220;.vc_custom_1584092715510{background-image: url(https:\/\/demosite78.dominimarketing01.it\/wp-content\/uploads\/background-vini-3.jpg?id=1054) !important;background-position: center !important;background-repeat: no-repeat !important;background-size: cover !important;}&#8220;][vc_column]<div class=\"ult-spacer spacer-69d2be2ba4758\" data-id=\"69d2be2ba4758\" data-height=\"150\" data-height-mobile=\"40\" data-height-tab=\"100\" data-height-tab-portrait=\"70\" data-height-mobile-landscape=\"40\" style=\"clear:both;display:block;\"><\/div><div class=\"ult-spacer spacer-69d2be2ba4797\" data-id=\"69d2be2ba4797\" data-height=\"250\" data-height-mobile=\"150\" data-height-tab=\"250\" data-height-tab-portrait=\"200\" data-height-mobile-landscape=\"150\" style=\"clear:both;display:block;\"><\/div>[vc_custom_heading source=&#8220;post_title&#8220; font_container=&#8220;tag:h1|text_align:center|color:%23ffffff&#8220; use_theme_fonts=&#8220;yes&#8220;]<div class=\"ult-spacer spacer-69d2be2ba47bd\" data-id=\"69d2be2ba47bd\" data-height=\"250\" data-height-mobile=\"150\" data-height-tab=\"250\" data-height-tab-portrait=\"200\" data-height-mobile-landscape=\"150\" style=\"clear:both;display:block;\"><\/div>[\/vc_column][\/vc_row][vc_row gap=&#8220;35&#8243; css_animation=&#8220;fadeInUp&#8220;][vc_column width=&#8220;1\/4&#8243; css=&#8220;.vc_custom_1616426650700{padding-top: 40px !important;padding-right: 40px !important;padding-bottom: 40px !important;padding-left: 40px !important;background-color: #ffffff !important;}&#8220;][vc_single_image image=&#8220;1457&#8243; img_size=&#8220;large&#8220; alignment=&#8220;center&#8220; el_class=&#8220;zoooom&#8220; css=&#8220;.vc_custom_1616426643404{background-color: #ffffff !important;}&#8220;][\/vc_column][vc_column width=&#8220;3\/4&#8243;][vc_empty_space height=&#8220;75px&#8220;][vc_custom_heading source=&#8220;post_title&#8220; font_container=&#8220;tag:h1|text_align:left&#8220; use_theme_fonts=&#8220;yes&#8220;][vc_empty_space][vc_empty_space][vc_column_text]Dieser Wein w\u00e4chst in Missian in der Gemeinde Eppan. Ein lehmiger und kalkhaltiger Boden versorgt die Reben ausreichend mit Mineralstoffen.<br \/>\nDie vollreifen Trauben wurden sehr vorsichtig geerntet. Nach einer Trocknungsphase von \u00fcber 4 Monaten sind die Beeren zu Rosinen eingeschrumpft und alle Inhaltsstoffe stark aufkonzentriert.<br \/>\nDurch einen schonenden und langwierigen Pressvorgang wird ein sehr s\u00fc\u00dfer Most mit der Konsistenz von Honig gewonnen.<br \/>\nBei der anschlie\u00dfenden G\u00e4rung, die sich \u00fcber mehrere Monate hinzieht, kann nur ein Teil des Zuckers vergoren werden und dem Wein bleibt somit seine nat\u00fcrliche Rests\u00fc\u00dfe erhalten. Ein Wein mit gro\u00dfem Potential und guter Lagerf\u00e4higkeit.[\/vc_column_text][vc_empty_space][vc_custom_heading text=&#8220;Name: <strong>Gew\u00fcrztraminer passito<\/strong>&#8220; font_container=&#8220;tag:div|text_align:left&#8220; use_theme_fonts=&#8220;yes&#8220;][vc_empty_space height=&#8220;12px&#8220;][vc_custom_heading text=&#8220;Weinklassifizierung: <strong>IGT<\/strong>&#8220; font_container=&#8220;tag:div|text_align:left&#8220; use_theme_fonts=&#8220;yes&#8220;][vc_empty_space height=&#8220;12px&#8220;][vc_custom_heading text=&#8220;Weintyp: <strong>Weisswein<\/strong>&#8220; font_container=&#8220;tag:div|text_align:left&#8220; use_theme_fonts=&#8220;yes&#8220;][vc_empty_space height=&#8220;12px&#8220;][vc_custom_heading text=&#8220;Jahrgang: <strong>2015<\/strong>&#8220; font_container=&#8220;tag:div|text_align:left&#8220; use_theme_fonts=&#8220;yes&#8220;][vc_empty_space height=&#8220;12px&#8220;][vc_custom_heading text=&#8220;Rebsorten: <strong>Gew\u00fcrztraminer<\/strong>&#8220; font_container=&#8220;tag:div|text_align:left&#8220; use_theme_fonts=&#8220;yes&#8220;][vc_empty_space][\/vc_column][vc_column][vc_tta_tour style=&#8220;flat&#8220; active_section=&#8220;1&#8243;][vc_tta_section title=&#8220;2015&#8243; tab_id=&#8220;1581067209662-ab162dd5-bb344f41-af88&#8243;][vc_raw_html]JTVCdGFibGUlMjBpZCUzRDI1JTIwJTJGJTVE[\/vc_raw_html][\/vc_tta_section][\/vc_tta_tour]<div class=\"ult-spacer spacer-69d2be2ba47df\" data-id=\"69d2be2ba47df\" data-height=\"150\" data-height-mobile=\"40\" data-height-tab=\"100\" data-height-tab-portrait=\"70\" data-height-mobile-landscape=\"40\" style=\"clear:both;display:block;\"><\/div>[\/vc_column][\/vc_row][vc_row][vc_column][vc_row_inner equal_height=&#8220;yes&#8220; gap=&#8220;35&#8243;][vc_column_inner width=&#8220;5\/12&#8243; css=&#8220;.vc_custom_1593441152661{background-image: url(https:\/\/demosite78.dominimarketing01.it\/wp-content\/uploads\/MAPPA-1.jpg?id=1339) !important;background-position: center !important;background-repeat: no-repeat !important;background-size: cover !important;}&#8220; offset=&#8220;vc_col-lg-offset-2 vc_col-lg-4 vc_col-md-offset-2 vc_col-md-4 vc_col-sm-offset-1&#8243;]<div class=\"ult-spacer spacer-69d2be2ba4803\" data-id=\"69d2be2ba4803\" data-height=\"130\" data-height-mobile=\"100\" data-height-tab=\"130\" data-height-tab-portrait=\"100\" data-height-mobile-landscape=\"100\" style=\"clear:both;display:block;\"><\/div>[vc_custom_heading text=&#8220;Wer sind wir&#8220; font_container=&#8220;tag:h4|text_align:center|color:%23ffffff&#8220; google_fonts=&#8220;font_family:Montserrat%3Aregular%2C700|font_style:700%20bold%20regular%3A700%3Anormal&#8220; link=&#8220;url:https%3A%2F%2Fdemosite78.dominimarketing01.it%2Fde%2Fdove-siamo%2F|title:Dove%20siamo&#8220;]<div class=\"ult-spacer spacer-69d2be2ba481f\" data-id=\"69d2be2ba481f\" data-height=\"130\" data-height-mobile=\"100\" data-height-tab=\"130\" data-height-tab-portrait=\"100\" data-height-mobile-landscape=\"100\" style=\"clear:both;display:block;\"><\/div>[\/vc_column_inner][vc_column_inner width=&#8220;5\/12&#8243; css=&#8220;.vc_custom_1593441208202{background-image: url(https:\/\/demosite78.dominimarketing01.it\/wp-content\/uploads\/MESSNERHOF-foto-azienda-generale-DSC_0305.jpg?id=1744) !important;background-position: center !important;background-repeat: no-repeat !important;background-size: cover !important;}&#8220; offset=&#8220;vc_col-lg-4 vc_col-md-4&#8243;]<div class=\"ult-spacer spacer-69d2be2ba483b\" data-id=\"69d2be2ba483b\" data-height=\"130\" data-height-mobile=\"100\" data-height-tab=\"130\" data-height-tab-portrait=\"100\" data-height-mobile-landscape=\"100\" style=\"clear:both;display:block;\"><\/div>[vc_custom_heading text=&#8220;Philosophie&#8220; font_container=&#8220;tag:h4|text_align:center|color:%23ffffff&#8220; google_fonts=&#8220;font_family:Montserrat%3Aregular%2C700|font_style:700%20bold%20regular%3A700%3Anormal&#8220; link=&#8220;url:https%3A%2F%2Fdemosite78.dominimarketing01.it%2Fde%2Fchi-siamo%2Ffilosofia%2F|title:Filosofia&#8220;]<div class=\"ult-spacer spacer-69d2be2ba4856\" data-id=\"69d2be2ba4856\" data-height=\"130\" data-height-mobile=\"100\" data-height-tab=\"130\" data-height-tab-portrait=\"100\" data-height-mobile-landscape=\"100\" style=\"clear:both;display:block;\"><\/div>[\/vc_column_inner][\/vc_row_inner][\/vc_column][\/vc_row][vc_row full_width=&#8220;stretch_row&#8220; css=&#8220;.vc_custom_1593437279094{background-color: #f1f1f1 !important;}&#8220;][vc_column][vc_raw_html]JTVCcHMyaWQlMjBpZCUzRCUyN2NvbnRhdHRpJTI3JTJGJTVE[\/vc_raw_html][vc_row_inner equal_height=&#8220;yes&#8220; content_placement=&#8220;top&#8220; gap=&#8220;35&#8243;][vc_column_inner width=&#8220;2\/3&#8243;][vc_empty_space][vc_custom_heading text=&#8220;Kontaktiere uns&#8220; use_theme_fonts=&#8220;yes&#8220;][vc_empty_space]<div role=\"form\" class=\"wpcf7\" id=\"wpcf7-f2378-o1\" lang=\"en-US\" dir=\"ltr\">\n<div class=\"screen-reader-response\" aria-live=\"polite\"><\/div>\n<form action=\"\/de\/wp-json\/wp\/v2\/pages\/2494#wpcf7-f2378-o1\" method=\"post\" class=\"wpcf7-form\" novalidate=\"novalidate\">\n<div style=\"display: none;\">\n<input type=\"hidden\" name=\"_wpcf7\" value=\"2378\" \/>\n<input type=\"hidden\" name=\"_wpcf7_version\" value=\"5.1.9\" \/>\n<input type=\"hidden\" name=\"_wpcf7_locale\" value=\"en_US\" \/>\n<input type=\"hidden\" name=\"_wpcf7_unit_tag\" value=\"wpcf7-f2378-o1\" \/>\n<input type=\"hidden\" name=\"_wpcf7_container_post\" value=\"0\" \/>\n<\/div>\n<div class=\"contactcenter\" >\n<input type=\"hidden\" name=\"your-subject\" value=\"Richiesta dal form in Tedesco\" class=\"wpcf7-form-control wpcf7-hidden\" \/>\n<div class=\"vc_row flexrow\">\n<div class=\"vc_col-lg-4 vc_col-md-6 vc_col-sm-12 vc_col_xs-12 wpb_column vc_column_container dati\">\n<div class=\"inputrow\"><span class=\"wpcf7-form-control-wrap your-name\"><input type=\"text\" name=\"your-name\" value=\"\" size=\"40\" class=\"wpcf7-form-control wpcf7-text wpcf7-validates-as-required\" aria-required=\"true\" aria-invalid=\"false\" placeholder=\"Vorname\" \/><\/span> <\/div>\n<div class=\"inputrow\"><span class=\"wpcf7-form-control-wrap your-email\"><input type=\"email\" name=\"your-email\" value=\"\" size=\"40\" class=\"wpcf7-form-control wpcf7-text wpcf7-email wpcf7-validates-as-required wpcf7-validates-as-email\" aria-required=\"true\" aria-invalid=\"false\" placeholder=\"E-mail\" \/><\/span> <\/div>\n<div class=\"inputrow\"><span class=\"wpcf7-form-control-wrap your-phone\"><input type=\"text\" name=\"your-phone\" value=\"\" size=\"40\" class=\"wpcf7-form-control wpcf7-text wpcf7-validates-as-required\" aria-required=\"true\" aria-invalid=\"false\" placeholder=\"Telefon\" \/><\/span> <\/div>\n<\/div>\n<div class=\"vc_col-lg-4 vc_col-md-6 vc_col-sm-12 vc_col_xs-12 wpb_column vc_column_container soggiorno\">\n<div class=\"inputrow\"><span class=\"wpcf7-form-control-wrap your-adults\"><input type=\"text\" name=\"your-adults\" value=\"\" size=\"40\" class=\"wpcf7-form-control wpcf7-text wpcf7-validates-as-required\" aria-required=\"true\" aria-invalid=\"false\" placeholder=\"Menschen\" \/><\/span> <\/div>\n<div class=\"inputrow\"><span class=\"wpcf7-form-control-wrap date-868\"><input type=\"text\" name=\"date-868\" value=\"\" size=\"40\" class=\"wpcf7-form-control wpcf7-date\" placeholder=\"Ankunft\" \/> <\/span> <\/div>\n<div class=\"inputrow\"><span class=\"wpcf7-form-control-wrap date-869\"><input type=\"text\" name=\"date-869\" value=\"\" size=\"40\" class=\"wpcf7-form-control wpcf7-date\" placeholder=\"Abfahrt\" \/> <\/span> <\/div>\n<\/div>\n<div class=\"vc_col-lg-4 vc_col-md-12 vc_col-sm-12 vc_col_xs-12 wpb_column vc_column_container richiesta\">\n<div class=\"textrow\"> <span class=\"wpcf7-form-control-wrap your-message\"><textarea name=\"your-message\" cols=\"40\" rows=\"6\" class=\"wpcf7-form-control wpcf7-textarea\" aria-invalid=\"false\" placeholder=\"Anfrage\"><\/textarea><\/span><\/div>\n<\/div>\n<\/div>\n<div class=\"vc_row\">\n<div class=\"vc_col-sm-8 wpb_column vc_column_container inviodati\">\n<span class=\"wpcf7-form-control-wrap accettazione-privacy\"><span class=\"wpcf7-form-control wpcf7-acceptance\"><span class=\"wpcf7-list-item\"><input type=\"checkbox\" name=\"accettazione-privacy\" value=\"1\" aria-invalid=\"false\" class=\"check\" \/><\/span><\/span><\/span>  <small>Ich habe die <a href=\"privacy\" target=\"_blank\"> Datenverarbeitung <\/a> gelesen und akzeptiert<\/small>\n<\/div>\n<div class=\"vc_col-sm-4 wpb_column vc_column_container inviodati\">\n<input type=\"submit\" value=\"Anfrage absenden\" class=\"wpcf7-form-control wpcf7-submit secondo\" \/>\n<\/div>\n<\/div>\n<\/div>\n<p><center><br\/><a href=\"\/cookie-policy\/\" target=\"_blank\" style=\"color:#333 !important;\"><strong>COOKIE<\/strong> <\/a> - <a href=\"\/privacy-policy\/\" target=\"_blank\" style=\"color:#333 !important;\"><strong>PRIVACY<\/strong> <\/a><br><br \/>\n<\/center><\/p>\n<div class=\"wpcf7-response-output wpcf7-display-none\" aria-hidden=\"true\"><\/div><\/form><\/div>[\/vc_column_inner][vc_column_inner width=&#8220;1\/3&#8243;][vc_empty_space][vc_custom_heading text=&#8220;Messnerhof&#8220; use_theme_fonts=&#8220;yes&#8220;][vc_empty_space][vc_column_text]<strong>Weingut<\/strong><br \/>\nBernhard Pichler<br \/>\nSt. Peterweg 7<\/p>\n<p>39100 Bozen<\/p>\n<p>Telefon | Fax \u00a0<a href=\"tel:00390471977162\">+39 0471 977162<\/a><\/p>\n<p>Mobilphone <a href=\"tel:00393394732612\">+39 339 4732612<\/a><br \/>\nE-mail\u00a0<a href=\"mailto:info@messnerhof.net\">info@messnerhof.net<\/a>[\/vc_column_text][\/vc_column_inner][\/vc_row_inner]<div class=\"ult-spacer spacer-69d2be2ba5365\" data-id=\"69d2be2ba5365\" data-height=\"100\" data-height-mobile=\"40\" data-height-tab=\"100\" data-height-tab-portrait=\"70\" data-height-mobile-landscape=\"40\" style=\"clear:both;display:block;\"><\/div>[\/vc_column][\/vc_row]<\/p>\n","protected":false},"excerpt":{"rendered":"<p>[vc_row full_width=&#8220;stretch_row_content&#8220; bg_type=&#8220;image&#8220; parallax_style=&#8220;vcpb-default&#8220; bg_image_new=&#8220;id^1430|url^https:\/\/demosite78.dominimarketing01.it\/wp-content\/uploads\/header-gewurztraminer-81.png|caption^null|alt^null|title^header-gewurztraminer-81|description^null&#8220; bg_image_repeat=&#8220;no-repeat&#8220; bg_image_size=&#8220;initial&#8220; bg_img_attach=&#8220;fixed&#8220; bg_image_posiiton=&#8220;right bottom&#8220; css=&#8220;.vc_custom_1584092715510{background-image: url(https:\/\/demosite78.dominimarketing01.it\/wp-content\/uploads\/background-vini-3.jpg?id=1054) !important;background-position: center !important;background-repeat: no-repeat !important;background-size: cover !important;}&#8220;][vc_column][vc_custom_heading source=&#8220;post_title&#8220; font_container=&#8220;tag:h1|text_align:center|color:%23ffffff&#8220; use_theme_fonts=&#8220;yes&#8220;][\/vc_column][\/vc_row][vc_row gap=&#8220;35&#8243; css_animation=&#8220;fadeInUp&#8220;][vc_column width=&#8220;1\/4&#8243; css=&#8220;.vc_custom_1616426650700{padding-top: 40px !important;padding-right: 40px !important;padding-bottom: 40px !important;padding-left: 40px !important;background-color: #ffffff !important;}&#8220;][vc_single_image image=&#8220;1457&#8243; img_size=&#8220;large&#8220; alignment=&#8220;center&#8220; el_class=&#8220;zoooom&#8220; css=&#8220;.vc_custom_1616426643404{background-color: #ffffff !important;}&#8220;][\/vc_column][vc_column width=&#8220;3\/4&#8243;][vc_empty_space height=&#8220;75px&#8220;][vc_custom_heading source=&#8220;post_title&#8220; font_container=&#8220;tag:h1|text_align:left&#8220; use_theme_fonts=&#8220;yes&#8220;][vc_empty_space][vc_empty_space][vc_column_text]Dieser Wein w\u00e4chst in Missian in der Gemeinde [&hellip;]<\/p>\n","protected":false},"author":1,"featured_media":0,"parent":2475,"menu_order":11,"comment_status":"closed","ping_status":"closed","template":"","meta":[],"yoast_head":"<!-- This site is optimized with the Yoast SEO plugin v14.2 - https:\/\/yoast.com\/wordpress\/plugins\/seo\/ -->\n<title>Gew\u00fcrztraminer Passito DOC - Messnerhof - Weingut. Tenuta. Winery<\/title>\n<meta name=\"robots\" content=\"noindex, follow\" \/>\n<meta property=\"og:locale\" content=\"de_DE\" \/>\n<meta property=\"og:type\" content=\"article\" \/>\n<meta property=\"og:title\" content=\"Gew\u00fcrztraminer Passito DOC - Messnerhof - Weingut. Tenuta. Winery\" \/>\n<meta property=\"og:description\" content=\"[vc_row full_width=&#8220;stretch_row_content&#8220; bg_type=&#8220;image&#8220; parallax_style=&#8220;vcpb-default&#8220; bg_image_new=&#8220;id^1430|url^https:\/\/demosite78.dominimarketing01.it\/wp-content\/uploads\/header-gewurztraminer-81.png|caption^null|alt^null|title^header-gewurztraminer-81|description^null&#8220; bg_image_repeat=&#8220;no-repeat&#8220; bg_image_size=&#8220;initial&#8220; bg_img_attach=&#8220;fixed&#8220; bg_image_posiiton=&#8220;right bottom&#8220; css=&#8220;.vc_custom_1584092715510{background-image: url(https:\/\/demosite78.dominimarketing01.it\/wp-content\/uploads\/background-vini-3.jpg?id=1054) !important;background-position: center !important;background-repeat: no-repeat !important;background-size: cover !important;}&#8220;][vc_column][vc_custom_heading source=&#8220;post_title&#8220; font_container=&#8220;tag:h1|text_align:center|color:%23ffffff&#8220; use_theme_fonts=&#8220;yes&#8220;][\/vc_column][\/vc_row][vc_row gap=&#8220;35&#8243; css_animation=&#8220;fadeInUp&#8220;][vc_column width=&#8220;1\/4&#8243; css=&#8220;.vc_custom_1616426650700{padding-top: 40px !important;padding-right: 40px !important;padding-bottom: 40px !important;padding-left: 40px !important;background-color: #ffffff !important;}&#8220;][vc_single_image image=&#8220;1457&#8243; img_size=&#8220;large&#8220; alignment=&#8220;center&#8220; el_class=&#8220;zoooom&#8220; css=&#8220;.vc_custom_1616426643404{background-color: #ffffff !important;}&#8220;][\/vc_column][vc_column width=&#8220;3\/4&#8243;][vc_empty_space height=&#8220;75px&#8220;][vc_custom_heading source=&#8220;post_title&#8220; font_container=&#8220;tag:h1|text_align:left&#8220; use_theme_fonts=&#8220;yes&#8220;][vc_empty_space][vc_empty_space][vc_column_text]Dieser Wein w\u00e4chst in Missian in der Gemeinde [&hellip;]\" \/>\n<meta property=\"og:url\" content=\"https:\/\/demosite78.dominimarketing01.it\/de\/vini-2\/gewurztraminer-passito-doc\/\" \/>\n<meta property=\"og:site_name\" content=\"Messnerhof - Weingut. Tenuta. Winery\" \/>\n<meta property=\"article:modified_time\" content=\"2021-03-29T10:01:30+00:00\" \/>\n<meta name=\"twitter:card\" content=\"summary_large_image\" \/>\n<script type=\"application\/ld+json\" class=\"yoast-schema-graph\">{\"@context\":\"https:\/\/schema.org\",\"@graph\":[{\"@type\":\"WebSite\",\"@id\":\"https:\/\/demosite78.dominimarketing01.it\/de\/#website\",\"url\":\"https:\/\/demosite78.dominimarketing01.it\/de\/\",\"name\":\"Messnerhof - Weingut. Tenuta. Winery\",\"description\":\"Messnerhof - Weingut. Tenuta. Winery\",\"potentialAction\":[{\"@type\":\"SearchAction\",\"target\":\"https:\/\/demosite78.dominimarketing01.it\/de\/?s={search_term_string}\",\"query-input\":\"required name=search_term_string\"}],\"inLanguage\":\"de\"},{\"@type\":\"WebPage\",\"@id\":\"https:\/\/demosite78.dominimarketing01.it\/de\/vini-2\/gewurztraminer-passito-doc\/#webpage\",\"url\":\"https:\/\/demosite78.dominimarketing01.it\/de\/vini-2\/gewurztraminer-passito-doc\/\",\"name\":\"Gew\\u00fcrztraminer Passito DOC - Messnerhof - Weingut. Tenuta. Winery\",\"isPartOf\":{\"@id\":\"https:\/\/demosite78.dominimarketing01.it\/de\/#website\"},\"datePublished\":\"2020-04-06T13:21:51+00:00\",\"dateModified\":\"2021-03-29T10:01:30+00:00\",\"inLanguage\":\"de\",\"potentialAction\":[{\"@type\":\"ReadAction\",\"target\":[\"https:\/\/demosite78.dominimarketing01.it\/de\/vini-2\/gewurztraminer-passito-doc\/\"]}]}]}<\/script>\n<!-- \/ Yoast SEO plugin. -->","_links":{"self":[{"href":"https:\/\/demosite78.dominimarketing01.it\/de\/wp-json\/wp\/v2\/pages\/2494"}],"collection":[{"href":"https:\/\/demosite78.dominimarketing01.it\/de\/wp-json\/wp\/v2\/pages"}],"about":[{"href":"https:\/\/demosite78.dominimarketing01.it\/de\/wp-json\/wp\/v2\/types\/page"}],"author":[{"embeddable":true,"href":"https:\/\/demosite78.dominimarketing01.it\/de\/wp-json\/wp\/v2\/users\/1"}],"replies":[{"embeddable":true,"href":"https:\/\/demosite78.dominimarketing01.it\/de\/wp-json\/wp\/v2\/comments?post=2494"}],"version-history":[{"count":10,"href":"https:\/\/demosite78.dominimarketing01.it\/de\/wp-json\/wp\/v2\/pages\/2494\/revisions"}],"predecessor-version":[{"id":3164,"href":"https:\/\/demosite78.dominimarketing01.it\/de\/wp-json\/wp\/v2\/pages\/2494\/revisions\/3164"}],"up":[{"embeddable":true,"href":"https:\/\/demosite78.dominimarketing01.it\/de\/wp-json\/wp\/v2\/pages\/2475"}],"wp:attachment":[{"href":"https:\/\/demosite78.dominimarketing01.it\/de\/wp-json\/wp\/v2\/media?parent=2494"}],"curies":[{"name":"wp","href":"https:\/\/api.w.org\/{rel}","templated":true}]}}