{"id":2483,"date":"2020-02-17T15:02:46","date_gmt":"2020-02-17T14:02:46","guid":{"rendered":"https:\/\/demosite78.dominimarketing01.it\/casa-vacanze\/"},"modified":"2021-04-16T18:20:30","modified_gmt":"2021-04-16T16:20:30","slug":"appartamento-agriturismo","status":"publish","type":"page","link":"https:\/\/demosite78.dominimarketing01.it\/de\/appartamento-agriturismo\/","title":{"rendered":"Ferienwohnung"},"content":{"rendered":"<p>[vc_row gap=&#8220;35&#8243; css_animation=&#8220;fadeInUp&#8220;][vc_column][vc_empty_space height=&#8220;120px&#8220;][vc_empty_space][vc_empty_space][vc_custom_heading text=&#8220;Ferienwohnung&#8220; font_container=&#8220;tag:h1|text_align:left&#8220; use_theme_fonts=&#8220;yes&#8220;][vc_empty_space][vc_row_inner equal_height=&#8220;yes&#8220; content_placement=&#8220;middle&#8220; gap=&#8220;35&#8243;][vc_column_inner][vc_empty_space][vc_custom_heading text=&#8220;Eingebettet inmitten von Weinbergen&#8220; font_container=&#8220;tag:h3|text_align:left&#8220; use_theme_fonts=&#8220;yes&#8220;][vc_empty_space][vc_column_text]<strong>Unsere Lage<\/strong><\/p>\n<p>&nbsp;<\/p>\n<p>Die Ferienwohnung liegt barrierefrei im Erdgescho\u00df des Weingutes Messnerhof. Das Weingut selbst liegt in Hanglage am Stadtrand, mit sch\u00f6nem Blick auf die Stadt Bozen. Die Bushaltestelle ist 400m entfernt. Der Fahrradweg f\u00fchrt in 600m Entfernung vorbei. Der Wanderweg Nr. 3 der zum Rittnerberg f\u00fchrt verl\u00e4uft direkt am Weingut entlang. Bis zum Stadtzentrum von Bozen sind es lediglich 2 km, und es kann bequem zu Fu\u00df in 20 Minuten \u00fcber eine Promenade entlang des Flusses Talfer erreicht werden.[\/vc_column_text][vc_empty_space][\/vc_column_inner][\/vc_row_inner][vc_empty_space][\/vc_column][\/vc_row][vc_row full_width=&#8220;stretch_row_content_no_spaces&#8220;][vc_column][vc_empty_space el_id=&#8220;appartamento&#8220;][vc_media_grid style=&#8220;pagination&#8220; items_per_page=&#8220;1&#8243; element_width=&#8220;12&#8243; arrows_design=&#8220;vc_arrow-icon-arrow_01_left&#8220; arrows_color=&#8220;white&#8220; paging_design=&#8220;none&#8220; loop=&#8220;yes&#8220; autoplay=&#8220;3&#8243; item=&#8220;1409&#8243; grid_id=&#8220;vc_gid:1618590016574-95a93c7c-53e4-9&#8243; include=&#8220;1756,2035,2038,2041,2044,2047,2050,2053,2056,2059,2062,2065,2068,2071,2074,2077,2080,2083,2086,2089,2092,2095,2098,2101,2104,2107,2110,2113,2116,2119,2122,2125,2128,2131,2134,2137,2140,2143,2146,2149&#8243;][vc_empty_space height=&#8220;62px&#8220;][vc_custom_heading text=&#8220;SEHEN SIE DIE VIRTUAL TOUR&#8220; font_container=&#8220;tag:h4|text_align:center|color:%237b0000&#8243; google_fonts=&#8220;font_family:Montserrat%3Aregular%2C700|font_style:400%20regular%3A400%3Anormal&#8220;][vc_empty_space][\/vc_column][\/vc_row][vc_row full_width=&#8220;stretch_row_content_no_spaces&#8220;][vc_column width=&#8220;1\/3&#8243;]<div class=\"ult-spacer spacer-69d2bdfd1d3c9\" data-id=\"69d2bdfd1d3c9\" data-height=\"32\" data-height-mobile=\"32\" data-height-tab=\"32\" data-height-tab-portrait=\"32\" data-height-mobile-landscape=\"32\" style=\"clear:both;display:block;\"><\/div>[vc_custom_heading text=&#8220;Ferienwohnung&#8220; font_container=&#8220;tag:h4|text_align:center&#8220; google_fonts=&#8220;font_family:Montserrat%3Aregular%2C700|font_style:400%20regular%3A400%3Anormal&#8220; link=&#8220;url:https%3A%2F%2Fdemosite78.dominimarketing01.it%2Fwp-content%2Fuploads%2Fmessnerhof_virtualtour%2F%3Fstartscene%3D7|target:_blank&#8220;]<div class=\"ult-spacer spacer-69d2bdfd1d40b\" data-id=\"69d2bdfd1d40b\" data-height=\"92\" data-height-mobile=\"0\" data-height-tab=\"0\" data-height-tab-portrait=\"0\" data-height-mobile-landscape=\"0\" style=\"clear:both;display:block;\"><\/div>[\/vc_column][vc_column width=&#8220;1\/3&#8243;]<div class=\"ult-spacer spacer-69d2bdfd1d436\" data-id=\"69d2bdfd1d436\" data-height=\"32\" data-height-mobile=\"15\" data-height-tab=\"15\" data-height-tab-portrait=\"15\" data-height-mobile-landscape=\"15\" style=\"clear:both;display:block;\"><\/div>[vc_custom_heading text=&#8220;Schlafzimmer und B\u00e4der&#8220; font_container=&#8220;tag:h4|text_align:center&#8220; google_fonts=&#8220;font_family:Montserrat%3Aregular%2C700|font_style:400%20regular%3A400%3Anormal&#8220; link=&#8220;url:https%3A%2F%2Fdemosite78.dominimarketing01.it%2Fwp-content%2Fuploads%2Fmessnerhof_virtualtour%2F%3Fstartscene%3D8|target:_blank&#8220;]<div class=\"ult-spacer spacer-69d2bdfd1d45c\" data-id=\"69d2bdfd1d45c\" data-height=\"92\" data-height-mobile=\"0\" data-height-tab=\"0\" data-height-tab-portrait=\"0\" data-height-mobile-landscape=\"0\" style=\"clear:both;display:block;\"><\/div>[\/vc_column][vc_column width=&#8220;1\/3&#8243;]<div class=\"ult-spacer spacer-69d2bdfd1d481\" data-id=\"69d2bdfd1d481\" data-height=\"32\" data-height-mobile=\"15\" data-height-tab=\"15\" data-height-tab-portrait=\"15\" data-height-mobile-landscape=\"15\" style=\"clear:both;display:block;\"><\/div>[vc_custom_heading text=&#8220;Blick aus der ferienwohnung&#8220; font_container=&#8220;tag:h4|text_align:center&#8220; google_fonts=&#8220;font_family:Montserrat%3Aregular%2C700|font_style:400%20regular%3A400%3Anormal&#8220; link=&#8220;url:https%3A%2F%2Fdemosite78.dominimarketing01.it%2Fwp-content%2Fuploads%2Fmessnerhof_virtualtour%2F%3Fstartscene%3D9|target:_blank&#8220;]<div class=\"ult-spacer spacer-69d2bdfd1d4a4\" data-id=\"69d2bdfd1d4a4\" data-height=\"92\" data-height-mobile=\"32\" data-height-tab=\"32\" data-height-tab-portrait=\"32\" data-height-mobile-landscape=\"32\" style=\"clear:both;display:block;\"><\/div>[\/vc_column][\/vc_row][vc_row gap=&#8220;35&#8243; css_animation=&#8220;fadeInUp&#8220;][vc_column][vc_row_inner][vc_column_inner][vc_column_text]Entfernung von der Autobahnausfahrt Bozen Nord oder S\u00fcd zum Weingut jeweils 6 km.<\/p>\n<p>Bozen ist eine Alpenstadt mit mediterranem Charme, dank seiner beiden unterschiedlichen Facetten zieht die Stadt G\u00e4ste aus aller Herren L\u00e4nder in ihren Bann. Jahrhundertelang war Bozen ein wichtiges Handelszentrum zwischen Alpennord- und S\u00fcdseite. Heute ist S\u00fcdtirols Hauptort eine attraktive Stadt, die sich gleichzeitig lebendig, weltoffen, modern und traditionsverbunden zu zeigen wei\u00df! Auf einer Vielzahl von Wegen lassen sich in Zentrumsn\u00e4he sch\u00f6ne Spazierg\u00e4nge unternehmen und gleichzeitig k\u00f6nnen ambitioniertere Wanderer auch mit einer der drei Bergbahnen auf die rings um die Stadt gelegenen Hochebenen fahren. Die Naturkulisse ist hier einzigartig! In Bozen treffen zwei Kulturen unmittelbar aufeinander und verschmelzen in dem so pr\u00e4genden Lebensstil und der Alltagskultur ihrer 100.000 Bewohner. Das Landschaftsbild rund um der Landeshauptstadt Bozen, ist gepr\u00e4gt von alten Weind\u00f6rfern und Rebh\u00e4ngen, zu denen sich mehr als 200 Burgen, Schl\u00f6sser und Ruinen gesellen. Hochplateaus, Bergd\u00f6rfer und T\u00e4ler, die bis zu 1.550 m hoch gelegen sind, laden zum Urlaub in S\u00fcdtirols S\u00fcden. Es ist die mediterranste Region des Landes, deren mildes Klima sogar Palmen und Oliven gedeihen l\u00e4sst.[\/vc_column_text][vc_empty_space][vc_empty_space][vc_column_text]<strong>Die Wohnung<\/strong><\/p>\n<p>Die 60m2 gro\u00dfe neue Nichtraucherwohnung verf\u00fcgt \u00fcber 2 getrennte Schlafzimmer, kontrollierte Wohnraumbel\u00fcftung und ist f\u00fcr Allergiker geeignet. Bei der hochwertigen Einrichtung wurde sehr auf die Verwendung von nat\u00fcrlichen und regionalen Materialien geachtet. Ein besonders angenehmes Wohngef\u00fchl gibt der ge\u00f6lte Massivholzboden. Der Ausblick auf die Weinberge in der Umgebung ist einmalig.[\/vc_column_text][\/vc_column_inner][\/vc_row_inner][vc_empty_space][vc_empty_space][vc_custom_heading text=&#8220;Ausstattung&#8220; font_container=&#8220;tag:h3|text_align:left&#8220; use_theme_fonts=&#8220;yes&#8220; el_id=&#8220;servizi&#8220;][vc_empty_space height=&#8220;12px&#8220;][vc_row_inner equal_height=&#8220;yes&#8220; content_placement=&#8220;top&#8220; gap=&#8220;35&#8243; css=&#8220;.vc_custom_1591258817924{background-color: #f1f1f1 !important;}&#8220;][vc_column_inner width=&#8220;1\/2&#8243;][vc_column_text]<strong>Die Wohnk\u00fcche<\/strong><\/p>\n<p>&nbsp;<\/p>\n<p>&#8211; Sitzecke mit Tisch<br \/>\n&#8211; K\u00fchlschrank mit Gefrierfach<br \/>\n&#8211; Mikrowelle<br \/>\n&#8211; 4er Elektrokochplatte<br \/>\n&#8211; Abzugshaube<br \/>\n&#8211; Geschirrsp\u00fclmaschine<br \/>\n&#8211; Wasserkocher<br \/>\n&#8211; Kaffeemaschine<br \/>\n&#8211; Sp\u00fclbecken<br \/>\n&#8211; Ess-, Kochgeschirr und Besteck die Schlafcouch im Wohnbereich bietet im Bedarfsfall 2 zus\u00e4tzliche Schlafgelegenheit<br \/>\n&#8211; Kinderbett und Kinderhochstuhl, stehen f\u00fcr unsere kleinen G\u00e4ste bereit \u00fcberdachte Terrasse auf der S\u00fcdseite, ideal f\u00fcr das Fr\u00fchst\u00fcck im Freien<br \/>\n[\/vc_column_text][\/vc_column_inner][vc_column_inner width=&#8220;1\/2&#8243;][vc_column_text]<strong>Schlafzimmer<\/strong><\/p>\n<p>&nbsp;<\/p>\n<p>&#8211; Doppelbett<br \/>\n&#8211; gro\u00dfz\u00fcgiger Schrank<br \/>\n&#8211; Garderobe<br \/>\n&#8211; 2 getrennte Betten (ideal f\u00fcr Kinder) gro\u00dfz\u00fcgiger Schrank<br \/>\n&#8211; Babybett (140 X 70cm)<br \/>\n&#8211; Schreibtisch<br \/>\n&#8211; Terrasse auf der Nordseite sud, ideale per la colazione all&#8217;aperto[\/vc_column_text][\/vc_column_inner][vc_column_inner width=&#8220;1\/2&#8243;][vc_column_text]<strong>Bad<\/strong><\/p>\n<p>&nbsp;<\/p>\n<p>&#8211; Waschbecken<br \/>\n&#8211; Dusche<br \/>\n&#8211; Toilette<br \/>\n&#8211; Bidet<br \/>\n&#8211; Handtuchw\u00e4rmer<br \/>\n[\/vc_column_text][\/vc_column_inner][vc_column_inner width=&#8220;1\/2&#8243;][vc_column_text]<strong>Allgemein<\/strong><\/p>\n<p>&nbsp;<\/p>\n<p>&#8211; Sat-Fernseher<br \/>\n&#8211; Internetanschluss (\u00fcber WLAN)<br \/>\n&#8211; Bibliothek<br \/>\n&#8211; Safe<br \/>\n&#8211; Waschmaschine, W\u00e4schest\u00e4nder und B\u00fcgeleisen<br \/>\n&#8211; Bettw\u00e4sche, Hand- und Geschirrtrockent\u00fccher stehen Ihnen zur Verf\u00fcgung<br \/>\n&#8211; gro\u00dfz\u00fcgiger Gasgrill<br \/>\n&#8211; Parkplatz im Freien<br \/>\n[\/vc_column_text][\/vc_column_inner][vc_column_inner][vc_column_text]<strong>Abholdienst: <\/strong><\/p>\n<p>Bei Anfrage holen wir Sie gerne am Zug oder Busbahnhof in Bozen ab und bringen Sie auch wieder dorthin zur\u00fcck. Bitte teilen Sie uns dies bei Ihrer Buchung mit oder melden Sie sich diesbez\u00fcglich einige Tage vor Ihrer Ankunft.<\/p>\n<p>Bitte haben Sie Verst\u00e4ndnis, dass Rauchen in der Ferienwohnung und Haustiere generell bei uns leider nicht erlaubt sind, da die Wohnung auch f\u00fcr Allergiker geeignet ist.<\/p>\n<p>Raucher k\u00f6nnen Ihren Genuss gerne auf den beiden Terrassen fr\u00f6nen.[\/vc_column_text][\/vc_column_inner][\/vc_row_inner][vc_empty_space][vc_row_inner equal_height=&#8220;yes&#8220; content_placement=&#8220;top&#8220; gap=&#8220;35&#8243;][vc_column_inner width=&#8220;1\/2&#8243;][vc_column_text]<strong>Unser Reinigungs- und Sicherheitsverfahren<\/strong><\/p>\n<p>&nbsp;<\/p>\n<ul>\n<li>Ber\u00fchrungsintensive Oberfl\u00e4chen mit Desinfektionsmittel gereinigt (z. B. Arbeitsplatten, Lichtschalter, Griffe und Wasserh\u00e4hne)<\/li>\n<li>Reinigung mit Desinfektionsmittel<\/li>\n<li>Alle Handt\u00fccher und Bettw\u00e4sche mit mindestens 60\u00baC hei\u00dfem Wasser gewaschen<\/li>\n<li>Check-in und Check-out ohne pers\u00f6nlichen Kontakt<\/li>\n<li>Branchenspezifische Gesundheitsleitlinien werden befolgt und Regionale Gesundheitsleitlinien werden befolgt<\/li>\n<\/ul>\n<p>[\/vc_column_text][\/vc_column_inner][vc_column_inner width=&#8220;1\/2&#8243;][vc_column_text]<strong>Urlauben im Weinberg<\/strong><\/p>\n<p>&nbsp;<\/p>\n<p>Bei uns am Weingut Messnerhof k\u00f6nnen Sie voll und ganz in die Welt des Weines eintauchen! Gerne verkosten wir mit Ihnen unsere Weine und erkl\u00e4ren Ihnen dazu alles Wissenswerte. Bei einer F\u00fchrung durch unsere Weinberge erkl\u00e4ren wir Ihnen wie \u00f6kologischer Weinbau funktioniert. Das Thema Nachhaltigkeit in der Weinproduktion wird vom Pflanzen der Rebe bis zum Weingenuss vermittelt. Im Weinkeller k\u00f6nnen Sie einem erfahrenen Kellermeister \u00fcber die Schultern schauen. Auf Anfrage bieten wir Ihnen gerne auch spezifische Verkostungsseminare an[\/vc_column_text][\/vc_column_inner][\/vc_row_inner][\/vc_column][\/vc_row][vc_row gap=&#8220;35&#8243; css_animation=&#8220;fadeInUp&#8220;][vc_column]<div class=\"ult-spacer spacer-69d2bdfd1d4c6\" data-id=\"69d2bdfd1d4c6\" data-height=\"40\" data-height-mobile=\"40\" data-height-tab=\"40\" data-height-tab-portrait=\"40\" data-height-mobile-landscape=\"40\" style=\"clear:both;display:block;\"><\/div>[\/vc_column][\/vc_row][vc_row][vc_column][vc_row_inner equal_height=&#8220;yes&#8220; gap=&#8220;35&#8243;][vc_column_inner width=&#8220;5\/12&#8243; css=&#8220;.vc_custom_1593441152661{background-image: url(https:\/\/demosite78.dominimarketing01.it\/wp-content\/uploads\/MAPPA-1.jpg?id=1339) !important;background-position: center !important;background-repeat: no-repeat !important;background-size: cover !important;}&#8220; offset=&#8220;vc_col-lg-offset-2 vc_col-lg-4 vc_col-md-offset-2 vc_col-md-4 vc_col-sm-offset-1&#8243;]<div class=\"ult-spacer spacer-69d2bdfd1d4e4\" data-id=\"69d2bdfd1d4e4\" data-height=\"130\" data-height-mobile=\"100\" data-height-tab=\"130\" data-height-tab-portrait=\"100\" data-height-mobile-landscape=\"100\" style=\"clear:both;display:block;\"><\/div>[vc_custom_heading text=&#8220;\u00d6kologie und Nachhaltigkeit&#8220; font_container=&#8220;tag:h4|text_align:center|color:%23ffffff&#8220; google_fonts=&#8220;font_family:Montserrat%3Aregular%2C700|font_style:700%20bold%20regular%3A700%3Anormal&#8220; link=&#8220;url:https%3A%2F%2Fdemosite78.dominimarketing01.it%2Fde%2Fchi-siamo%2Fsostenibilita%2F|title:Dove%20siamo&#8220;]<div class=\"ult-spacer spacer-69d2bdfd1d500\" data-id=\"69d2bdfd1d500\" data-height=\"130\" data-height-mobile=\"100\" data-height-tab=\"130\" data-height-tab-portrait=\"100\" data-height-mobile-landscape=\"100\" style=\"clear:both;display:block;\"><\/div>[\/vc_column_inner][vc_column_inner width=&#8220;5\/12&#8243; css=&#8220;.vc_custom_1593441208202{background-image: url(https:\/\/demosite78.dominimarketing01.it\/wp-content\/uploads\/MESSNERHOF-foto-azienda-generale-DSC_0305.jpg?id=1744) !important;background-position: center !important;background-repeat: no-repeat !important;background-size: cover !important;}&#8220; offset=&#8220;vc_col-lg-4 vc_col-md-4&#8243;]<div class=\"ult-spacer spacer-69d2bdfd1d51b\" data-id=\"69d2bdfd1d51b\" data-height=\"130\" data-height-mobile=\"100\" data-height-tab=\"130\" data-height-tab-portrait=\"100\" data-height-mobile-landscape=\"100\" style=\"clear:both;display:block;\"><\/div>[vc_custom_heading text=&#8220;Weinpatenschaft&#8220; font_container=&#8220;tag:h4|text_align:center|color:%23ffffff&#8220; google_fonts=&#8220;font_family:Montserrat%3Aregular%2C700|font_style:700%20bold%20regular%3A700%3Anormal&#8220; link=&#8220;url:https%3A%2F%2Fdemosite78.dominimarketing01.it%2Fde%2Fvini-2%2Fadotta-una-vite%2F|title:Weinpatenschaft&#8220;]<div class=\"ult-spacer spacer-69d2bdfd1d535\" data-id=\"69d2bdfd1d535\" data-height=\"130\" data-height-mobile=\"100\" data-height-tab=\"130\" data-height-tab-portrait=\"100\" data-height-mobile-landscape=\"100\" style=\"clear:both;display:block;\"><\/div>[\/vc_column_inner][\/vc_row_inner][\/vc_column][\/vc_row][vc_row full_width=&#8220;stretch_row&#8220; css=&#8220;.vc_custom_1593437279094{background-color: #f1f1f1 !important;}&#8220;][vc_column][vc_raw_html]JTVCcHMyaWQlMjBpZCUzRCUyN2NvbnRhdHRpJTI3JTJGJTVE[\/vc_raw_html][vc_row_inner equal_height=&#8220;yes&#8220; content_placement=&#8220;top&#8220; gap=&#8220;35&#8243;][vc_column_inner width=&#8220;2\/3&#8243;][vc_empty_space][vc_custom_heading text=&#8220;Kontaktiere uns&#8220; use_theme_fonts=&#8220;yes&#8220;][vc_empty_space]<div role=\"form\" class=\"wpcf7\" id=\"wpcf7-f2378-o1\" lang=\"en-US\" dir=\"ltr\">\n<div class=\"screen-reader-response\" aria-live=\"polite\"><\/div>\n<form action=\"\/de\/wp-json\/wp\/v2\/pages\/2483#wpcf7-f2378-o1\" method=\"post\" class=\"wpcf7-form\" novalidate=\"novalidate\">\n<div style=\"display: none;\">\n<input type=\"hidden\" name=\"_wpcf7\" value=\"2378\" \/>\n<input type=\"hidden\" name=\"_wpcf7_version\" value=\"5.1.9\" \/>\n<input type=\"hidden\" name=\"_wpcf7_locale\" value=\"en_US\" \/>\n<input type=\"hidden\" name=\"_wpcf7_unit_tag\" value=\"wpcf7-f2378-o1\" \/>\n<input type=\"hidden\" name=\"_wpcf7_container_post\" value=\"0\" \/>\n<\/div>\n<div class=\"contactcenter\" >\n<input type=\"hidden\" name=\"your-subject\" value=\"Richiesta dal form in Tedesco\" class=\"wpcf7-form-control wpcf7-hidden\" \/>\n<div class=\"vc_row flexrow\">\n<div class=\"vc_col-lg-4 vc_col-md-6 vc_col-sm-12 vc_col_xs-12 wpb_column vc_column_container dati\">\n<div class=\"inputrow\"><span class=\"wpcf7-form-control-wrap your-name\"><input type=\"text\" name=\"your-name\" value=\"\" size=\"40\" class=\"wpcf7-form-control wpcf7-text wpcf7-validates-as-required\" aria-required=\"true\" aria-invalid=\"false\" placeholder=\"Vorname\" \/><\/span> <\/div>\n<div class=\"inputrow\"><span class=\"wpcf7-form-control-wrap your-email\"><input type=\"email\" name=\"your-email\" value=\"\" size=\"40\" class=\"wpcf7-form-control wpcf7-text wpcf7-email wpcf7-validates-as-required wpcf7-validates-as-email\" aria-required=\"true\" aria-invalid=\"false\" placeholder=\"E-mail\" \/><\/span> <\/div>\n<div class=\"inputrow\"><span class=\"wpcf7-form-control-wrap your-phone\"><input type=\"text\" name=\"your-phone\" value=\"\" size=\"40\" class=\"wpcf7-form-control wpcf7-text wpcf7-validates-as-required\" aria-required=\"true\" aria-invalid=\"false\" placeholder=\"Telefon\" \/><\/span> <\/div>\n<\/div>\n<div class=\"vc_col-lg-4 vc_col-md-6 vc_col-sm-12 vc_col_xs-12 wpb_column vc_column_container soggiorno\">\n<div class=\"inputrow\"><span class=\"wpcf7-form-control-wrap your-adults\"><input type=\"text\" name=\"your-adults\" value=\"\" size=\"40\" class=\"wpcf7-form-control wpcf7-text wpcf7-validates-as-required\" aria-required=\"true\" aria-invalid=\"false\" placeholder=\"Menschen\" \/><\/span> <\/div>\n<div class=\"inputrow\"><span class=\"wpcf7-form-control-wrap date-868\"><input type=\"text\" name=\"date-868\" value=\"\" size=\"40\" class=\"wpcf7-form-control wpcf7-date\" placeholder=\"Ankunft\" \/> <\/span> <\/div>\n<div class=\"inputrow\"><span class=\"wpcf7-form-control-wrap date-869\"><input type=\"text\" name=\"date-869\" value=\"\" size=\"40\" class=\"wpcf7-form-control wpcf7-date\" placeholder=\"Abfahrt\" \/> <\/span> <\/div>\n<\/div>\n<div class=\"vc_col-lg-4 vc_col-md-12 vc_col-sm-12 vc_col_xs-12 wpb_column vc_column_container richiesta\">\n<div class=\"textrow\"> <span class=\"wpcf7-form-control-wrap your-message\"><textarea name=\"your-message\" cols=\"40\" rows=\"6\" class=\"wpcf7-form-control wpcf7-textarea\" aria-invalid=\"false\" placeholder=\"Anfrage\"><\/textarea><\/span><\/div>\n<\/div>\n<\/div>\n<div class=\"vc_row\">\n<div class=\"vc_col-sm-8 wpb_column vc_column_container inviodati\">\n<span class=\"wpcf7-form-control-wrap accettazione-privacy\"><span class=\"wpcf7-form-control wpcf7-acceptance\"><span class=\"wpcf7-list-item\"><input type=\"checkbox\" name=\"accettazione-privacy\" value=\"1\" aria-invalid=\"false\" class=\"check\" \/><\/span><\/span><\/span>  <small>Ich habe die <a href=\"privacy\" target=\"_blank\"> Datenverarbeitung <\/a> gelesen und akzeptiert<\/small>\n<\/div>\n<div class=\"vc_col-sm-4 wpb_column vc_column_container inviodati\">\n<input type=\"submit\" value=\"Anfrage absenden\" class=\"wpcf7-form-control wpcf7-submit secondo\" \/>\n<\/div>\n<\/div>\n<\/div>\n<p><center><br\/><a href=\"\/cookie-policy\/\" target=\"_blank\" style=\"color:#333 !important;\"><strong>COOKIE<\/strong> <\/a> - <a href=\"\/privacy-policy\/\" target=\"_blank\" style=\"color:#333 !important;\"><strong>PRIVACY<\/strong> <\/a><br><br \/>\n<\/center><\/p>\n<div class=\"wpcf7-response-output wpcf7-display-none\" aria-hidden=\"true\"><\/div><\/form><\/div>[\/vc_column_inner][vc_column_inner width=&#8220;1\/3&#8243;][vc_empty_space][vc_custom_heading text=&#8220;Messnerhof&#8220; use_theme_fonts=&#8220;yes&#8220;][vc_empty_space][vc_column_text]<strong>Weingut<\/strong><br \/>\n<em>Bernhard Pichler<\/em><br \/>\nSt. Peterweg 7<\/p>\n<p>39100 Bozen<\/p>\n<p>Telefon | Fax \u00a0<a href=\"tel:00390471977162\">+39 0471 977162<\/a><\/p>\n<p>Mobilphone <a href=\"tel:00393394732612\">+39 339 4732612<\/a><br \/>\nE-mail\u00a0<a href=\"mailto:info@messnerhof.net\">info@messnerhof.net<\/a>[\/vc_column_text][\/vc_column_inner][\/vc_row_inner]<div class=\"ult-spacer spacer-69d2bdfd1dc2e\" data-id=\"69d2bdfd1dc2e\" data-height=\"100\" data-height-mobile=\"40\" data-height-tab=\"100\" data-height-tab-portrait=\"70\" data-height-mobile-landscape=\"40\" style=\"clear:both;display:block;\"><\/div>[\/vc_column][\/vc_row]<\/p>\n","protected":false},"excerpt":{"rendered":"<p>[vc_row gap=&#8220;35&#8243; css_animation=&#8220;fadeInUp&#8220;][vc_column][vc_empty_space height=&#8220;120px&#8220;][vc_empty_space][vc_empty_space][vc_custom_heading text=&#8220;Ferienwohnung&#8220; font_container=&#8220;tag:h1|text_align:left&#8220; use_theme_fonts=&#8220;yes&#8220;][vc_empty_space][vc_row_inner equal_height=&#8220;yes&#8220; content_placement=&#8220;middle&#8220; gap=&#8220;35&#8243;][vc_column_inner][vc_empty_space][vc_custom_heading text=&#8220;Eingebettet inmitten von Weinbergen&#8220; font_container=&#8220;tag:h3|text_align:left&#8220; use_theme_fonts=&#8220;yes&#8220;][vc_empty_space][vc_column_text]Unsere Lage &nbsp; Die Ferienwohnung liegt barrierefrei im Erdgescho\u00df des Weingutes Messnerhof. Das Weingut selbst liegt in Hanglage am Stadtrand, mit sch\u00f6nem Blick auf die Stadt Bozen. Die Bushaltestelle ist 400m entfernt. Der Fahrradweg f\u00fchrt in 600m Entfernung vorbei. Der [&hellip;]<\/p>\n","protected":false},"author":1,"featured_media":0,"parent":0,"menu_order":8,"comment_status":"closed","ping_status":"closed","template":"","meta":[],"yoast_head":"<!-- This site is optimized with the Yoast SEO plugin v14.2 - https:\/\/yoast.com\/wordpress\/plugins\/seo\/ -->\n<title>Ferienwohnung - Messnerhof - Weingut. Tenuta. Winery<\/title>\n<meta name=\"robots\" content=\"noindex, follow\" \/>\n<meta property=\"og:locale\" content=\"de_DE\" \/>\n<meta property=\"og:type\" content=\"article\" \/>\n<meta property=\"og:title\" content=\"Ferienwohnung - Messnerhof - Weingut. Tenuta. Winery\" \/>\n<meta property=\"og:description\" content=\"[vc_row gap=&#8220;35&#8243; css_animation=&#8220;fadeInUp&#8220;][vc_column][vc_empty_space height=&#8220;120px&#8220;][vc_empty_space][vc_empty_space][vc_custom_heading text=&#8220;Ferienwohnung&#8220; font_container=&#8220;tag:h1|text_align:left&#8220; use_theme_fonts=&#8220;yes&#8220;][vc_empty_space][vc_row_inner equal_height=&#8220;yes&#8220; content_placement=&#8220;middle&#8220; gap=&#8220;35&#8243;][vc_column_inner][vc_empty_space][vc_custom_heading text=&#8220;Eingebettet inmitten von Weinbergen&#8220; font_container=&#8220;tag:h3|text_align:left&#8220; use_theme_fonts=&#8220;yes&#8220;][vc_empty_space][vc_column_text]Unsere Lage &nbsp; Die Ferienwohnung liegt barrierefrei im Erdgescho\u00df des Weingutes Messnerhof. Das Weingut selbst liegt in Hanglage am Stadtrand, mit sch\u00f6nem Blick auf die Stadt Bozen. Die Bushaltestelle ist 400m entfernt. Der Fahrradweg f\u00fchrt in 600m Entfernung vorbei. Der [&hellip;]\" \/>\n<meta property=\"og:url\" content=\"https:\/\/demosite78.dominimarketing01.it\/de\/appartamento-agriturismo\/\" \/>\n<meta property=\"og:site_name\" content=\"Messnerhof - Weingut. Tenuta. Winery\" \/>\n<meta property=\"article:modified_time\" content=\"2021-04-16T16:20:30+00:00\" \/>\n<meta name=\"twitter:card\" content=\"summary_large_image\" \/>\n<script type=\"application\/ld+json\" class=\"yoast-schema-graph\">{\"@context\":\"https:\/\/schema.org\",\"@graph\":[{\"@type\":\"WebSite\",\"@id\":\"https:\/\/demosite78.dominimarketing01.it\/de\/#website\",\"url\":\"https:\/\/demosite78.dominimarketing01.it\/de\/\",\"name\":\"Messnerhof - Weingut. Tenuta. Winery\",\"description\":\"Messnerhof - Weingut. Tenuta. Winery\",\"potentialAction\":[{\"@type\":\"SearchAction\",\"target\":\"https:\/\/demosite78.dominimarketing01.it\/de\/?s={search_term_string}\",\"query-input\":\"required name=search_term_string\"}],\"inLanguage\":\"de\"},{\"@type\":\"WebPage\",\"@id\":\"https:\/\/demosite78.dominimarketing01.it\/de\/appartamento-agriturismo\/#webpage\",\"url\":\"https:\/\/demosite78.dominimarketing01.it\/de\/appartamento-agriturismo\/\",\"name\":\"Ferienwohnung - Messnerhof - Weingut. Tenuta. Winery\",\"isPartOf\":{\"@id\":\"https:\/\/demosite78.dominimarketing01.it\/de\/#website\"},\"datePublished\":\"2020-02-17T14:02:46+00:00\",\"dateModified\":\"2021-04-16T16:20:30+00:00\",\"inLanguage\":\"de\",\"potentialAction\":[{\"@type\":\"ReadAction\",\"target\":[\"https:\/\/demosite78.dominimarketing01.it\/de\/appartamento-agriturismo\/\"]}]}]}<\/script>\n<!-- \/ Yoast SEO plugin. -->","_links":{"self":[{"href":"https:\/\/demosite78.dominimarketing01.it\/de\/wp-json\/wp\/v2\/pages\/2483"}],"collection":[{"href":"https:\/\/demosite78.dominimarketing01.it\/de\/wp-json\/wp\/v2\/pages"}],"about":[{"href":"https:\/\/demosite78.dominimarketing01.it\/de\/wp-json\/wp\/v2\/types\/page"}],"author":[{"embeddable":true,"href":"https:\/\/demosite78.dominimarketing01.it\/de\/wp-json\/wp\/v2\/users\/1"}],"replies":[{"embeddable":true,"href":"https:\/\/demosite78.dominimarketing01.it\/de\/wp-json\/wp\/v2\/comments?post=2483"}],"version-history":[{"count":14,"href":"https:\/\/demosite78.dominimarketing01.it\/de\/wp-json\/wp\/v2\/pages\/2483\/revisions"}],"predecessor-version":[{"id":3404,"href":"https:\/\/demosite78.dominimarketing01.it\/de\/wp-json\/wp\/v2\/pages\/2483\/revisions\/3404"}],"wp:attachment":[{"href":"https:\/\/demosite78.dominimarketing01.it\/de\/wp-json\/wp\/v2\/media?parent=2483"}],"curies":[{"name":"wp","href":"https:\/\/api.w.org\/{rel}","templated":true}]}}