{"id":2479,"date":"2020-02-17T15:02:47","date_gmt":"2020-02-17T14:02:47","guid":{"rendered":"https:\/\/demosite78.dominimarketing01.it\/vini-2\/vendita\/"},"modified":"2021-04-19T15:20:02","modified_gmt":"2021-04-19T13:20:02","slug":"vendita","status":"publish","type":"page","link":"https:\/\/demosite78.dominimarketing01.it\/de\/vini-2\/vendita\/","title":{"rendered":"Verkauf"},"content":{"rendered":"<p>[vc_row gap=&#8220;35&#8243; css_animation=&#8220;fadeInUp&#8220;][vc_column][vc_empty_space height=&#8220;120px&#8220;][vc_row_inner equal_height=&#8220;yes&#8220; content_placement=&#8220;middle&#8220; gap=&#8220;35&#8243;][vc_column_inner][vc_custom_heading source=&#8220;post_title&#8220; font_container=&#8220;tag:h1|text_align:left&#8220; use_theme_fonts=&#8220;yes&#8220;][vc_empty_space][vc_empty_space][vc_column_text]Alle Weine sind bei uns im Betrieb erh\u00e4ltlich. Wir freuen uns \u00fcber jeden Kunden der die Weine direkt bei uns bezieht, denn wir sch\u00e4tzen den direkten Kontakt sehr und sind froh \u00fcber jede ernst gemeinte Kritik und Anregung. Bei uns am Betrieb besteht die M\u00f6glichkeit die Weine zu verkosten und einen Einblick in unser Weingut zu bekommen. Zus\u00e4tzlich kann man sich vor Ort einen Eindruck von unseren Qualit\u00e4tsbestrebungen im Weinberg und Keller machen.[\/vc_column_text][vc_empty_space][vc_column_text]<strong>\u00d6ffnungszeiten: immer wenn jemand zu Hause ist oder gerne nach telefonischer Anmeldung!<\/strong>[\/vc_column_text][vc_empty_space][vc_column_text]Da wir ein kleiner Familienbetrieb sind und teilweise alle Kr\u00e4fte in den Weinbergen gefordert sind, k\u00f6nnen wir keine fixen \u00d6ffnungszeiten garantieren.<br \/>\nUm auf Nummer sicher zu gehen, melden sie sich bitte am besten kurz vor Ihrem Besuch entweder per Telefon oder Email, oder Sie versuchen es spontan auf gut Gl\u00fcck![\/vc_column_text][vc_empty_space][vc_empty_space][\/vc_column_inner][\/vc_row_inner][\/vc_column][\/vc_row][vc_row full_width=&#8220;stretch_row_content_no_spaces&#8220; css_animation=&#8220;fadeInUp&#8220;][vc_column][vc_media_grid style=&#8220;pagination&#8220; items_per_page=&#8220;1&#8243; element_width=&#8220;12&#8243; arrows_design=&#8220;vc_arrow-icon-arrow_01_left&#8220; arrows_color=&#8220;white&#8220; paging_design=&#8220;none&#8220; loop=&#8220;yes&#8220; autoplay=&#8220;3&#8243; item=&#8220;1409&#8243; grid_id=&#8220;vc_gid:1618838359922-c684f14c-b8d7-4&#8243; include=&#8220;1953,1956,1959,1962,1965,1968,1971,1974,1977,1980,1983&#8243;][vc_empty_space][vc_custom_heading text=&#8220;SEHEN SIE DIE VIRTUAL TOUR&#8220; font_container=&#8220;tag:h4|text_align:center|color:%237b0000&#8243; google_fonts=&#8220;font_family:Montserrat%3Aregular%2C700|font_style:400%20regular%3A400%3Anormal&#8220; link=&#8220;title:Dove%20siamo&#8220;][\/vc_column][\/vc_row][vc_row full_width=&#8220;stretch_row_content_no_spaces&#8220; css_animation=&#8220;fadeInUp&#8220;][vc_column]<div class=\"ult-spacer spacer-69d2bdfb97135\" data-id=\"69d2bdfb97135\" data-height=\"32\" data-height-mobile=\"32\" data-height-tab=\"32\" data-height-tab-portrait=\"32\" data-height-mobile-landscape=\"32\" style=\"clear:both;display:block;\"><\/div>[vc_custom_heading text=&#8220;Verkostungsraum&#8220; font_container=&#8220;tag:h4|text_align:center&#8220; google_fonts=&#8220;font_family:Montserrat%3Aregular%2C700|font_style:400%20regular%3A400%3Anormal&#8220; link=&#8220;url:https%3A%2F%2Fdemosite78.dominimarketing01.it%2Fwp-content%2Fuploads%2Fmessnerhof_virtualtour%2F%3Fstartscene%3D6|target:_blank&#8220;]<div class=\"ult-spacer spacer-69d2bdfb9716f\" data-id=\"69d2bdfb9716f\" data-height=\"92\" data-height-mobile=\"32\" data-height-tab=\"32\" data-height-tab-portrait=\"32\" data-height-mobile-landscape=\"32\" style=\"clear:both;display:block;\"><\/div>[\/vc_column][\/vc_row][vc_row][vc_column][vc_row_inner equal_height=&#8220;yes&#8220; gap=&#8220;35&#8243;][vc_column_inner width=&#8220;5\/12&#8243; css=&#8220;.vc_custom_1618838086324{background-image: url(https:\/\/demosite78.dominimarketing01.it\/wp-content\/uploads\/MESSNERHOF-foto-bottiglie-Messnerhof_2011_16.jpg?id=1962) !important;background-position: center !important;background-repeat: no-repeat !important;background-size: cover !important;}&#8220; offset=&#8220;vc_col-lg-offset-2 vc_col-lg-4 vc_col-md-offset-2 vc_col-md-4 vc_col-sm-offset-1&#8243;]<div class=\"ult-spacer spacer-69d2bdfb97192\" data-id=\"69d2bdfb97192\" data-height=\"130\" data-height-mobile=\"100\" data-height-tab=\"130\" data-height-tab-portrait=\"100\" data-height-mobile-landscape=\"100\" style=\"clear:both;display:block;\"><\/div>[vc_custom_heading text=&#8220;Weine&#8220; font_container=&#8220;tag:h4|text_align:center|color:%23ffffff&#8220; google_fonts=&#8220;font_family:Montserrat%3Aregular%2C700|font_style:700%20bold%20regular%3A700%3Anormal&#8220; link=&#8220;url:https%3A%2F%2Fdemosite78.dominimarketing01.it%2Fde%2Fvini-2%2F|title:Dove%20siamo&#8220;]<div class=\"ult-spacer spacer-69d2bdfb971b1\" data-id=\"69d2bdfb971b1\" data-height=\"130\" data-height-mobile=\"100\" data-height-tab=\"130\" data-height-tab-portrait=\"100\" data-height-mobile-landscape=\"100\" style=\"clear:both;display:block;\"><\/div>[\/vc_column_inner][vc_column_inner width=&#8220;5\/12&#8243; css=&#8220;.vc_custom_1618838054110{background-image: url(https:\/\/demosite78.dominimarketing01.it\/wp-content\/uploads\/MAPPAlight-de.jpg?id=3225) !important;background-position: center !important;background-repeat: no-repeat !important;background-size: cover !important;}&#8220; offset=&#8220;vc_col-lg-4 vc_col-md-4&#8243;]<div class=\"ult-spacer spacer-69d2bdfb971ce\" data-id=\"69d2bdfb971ce\" data-height=\"130\" data-height-mobile=\"100\" data-height-tab=\"130\" data-height-tab-portrait=\"100\" data-height-mobile-landscape=\"100\" style=\"clear:both;display:block;\"><\/div>[vc_custom_heading text=&#8220;Wo wir sind&#8220; font_container=&#8220;tag:h4|text_align:center|color:%23ffffff&#8220; google_fonts=&#8220;font_family:Montserrat%3Aregular%2C700|font_style:700%20bold%20regular%3A700%3Anormal&#8220; link=&#8220;url:https%3A%2F%2Fdemosite78.dominimarketing01.it%2Fde%2Fchi-siamo%2Fdove-siamo%2F|title:Filosofia&#8220;]<div class=\"ult-spacer spacer-69d2bdfb971ea\" data-id=\"69d2bdfb971ea\" data-height=\"130\" data-height-mobile=\"100\" data-height-tab=\"130\" data-height-tab-portrait=\"100\" data-height-mobile-landscape=\"100\" style=\"clear:both;display:block;\"><\/div>[\/vc_column_inner][\/vc_row_inner][\/vc_column][\/vc_row][vc_row full_width=&#8220;stretch_row&#8220; css=&#8220;.vc_custom_1593437279094{background-color: #f1f1f1 !important;}&#8220;][vc_column][vc_raw_html]JTVCcHMyaWQlMjBpZCUzRCUyN2NvbnRhdHRpJTI3JTJGJTVE[\/vc_raw_html][vc_row_inner equal_height=&#8220;yes&#8220; content_placement=&#8220;top&#8220; gap=&#8220;35&#8243;][vc_column_inner width=&#8220;2\/3&#8243;][vc_empty_space][vc_custom_heading text=&#8220;Kontaktiere uns&#8220; use_theme_fonts=&#8220;yes&#8220;][vc_empty_space]<div role=\"form\" class=\"wpcf7\" id=\"wpcf7-f2378-o1\" lang=\"en-US\" dir=\"ltr\">\n<div class=\"screen-reader-response\" aria-live=\"polite\"><\/div>\n<form action=\"\/de\/wp-json\/wp\/v2\/pages\/2479#wpcf7-f2378-o1\" method=\"post\" class=\"wpcf7-form\" novalidate=\"novalidate\">\n<div style=\"display: none;\">\n<input type=\"hidden\" name=\"_wpcf7\" value=\"2378\" \/>\n<input type=\"hidden\" name=\"_wpcf7_version\" value=\"5.1.9\" \/>\n<input type=\"hidden\" name=\"_wpcf7_locale\" value=\"en_US\" \/>\n<input type=\"hidden\" name=\"_wpcf7_unit_tag\" value=\"wpcf7-f2378-o1\" \/>\n<input type=\"hidden\" name=\"_wpcf7_container_post\" value=\"0\" \/>\n<\/div>\n<div class=\"contactcenter\" >\n<input type=\"hidden\" name=\"your-subject\" value=\"Richiesta dal form in Tedesco\" class=\"wpcf7-form-control wpcf7-hidden\" \/>\n<div class=\"vc_row flexrow\">\n<div class=\"vc_col-lg-4 vc_col-md-6 vc_col-sm-12 vc_col_xs-12 wpb_column vc_column_container dati\">\n<div class=\"inputrow\"><span class=\"wpcf7-form-control-wrap your-name\"><input type=\"text\" name=\"your-name\" value=\"\" size=\"40\" class=\"wpcf7-form-control wpcf7-text wpcf7-validates-as-required\" aria-required=\"true\" aria-invalid=\"false\" placeholder=\"Vorname\" \/><\/span> <\/div>\n<div class=\"inputrow\"><span class=\"wpcf7-form-control-wrap your-email\"><input type=\"email\" name=\"your-email\" value=\"\" size=\"40\" class=\"wpcf7-form-control wpcf7-text wpcf7-email wpcf7-validates-as-required wpcf7-validates-as-email\" aria-required=\"true\" aria-invalid=\"false\" placeholder=\"E-mail\" \/><\/span> <\/div>\n<div class=\"inputrow\"><span class=\"wpcf7-form-control-wrap your-phone\"><input type=\"text\" name=\"your-phone\" value=\"\" size=\"40\" class=\"wpcf7-form-control wpcf7-text wpcf7-validates-as-required\" aria-required=\"true\" aria-invalid=\"false\" placeholder=\"Telefon\" \/><\/span> <\/div>\n<\/div>\n<div class=\"vc_col-lg-4 vc_col-md-6 vc_col-sm-12 vc_col_xs-12 wpb_column vc_column_container soggiorno\">\n<div class=\"inputrow\"><span class=\"wpcf7-form-control-wrap your-adults\"><input type=\"text\" name=\"your-adults\" value=\"\" size=\"40\" class=\"wpcf7-form-control wpcf7-text wpcf7-validates-as-required\" aria-required=\"true\" aria-invalid=\"false\" placeholder=\"Menschen\" \/><\/span> <\/div>\n<div class=\"inputrow\"><span class=\"wpcf7-form-control-wrap date-868\"><input type=\"text\" name=\"date-868\" value=\"\" size=\"40\" class=\"wpcf7-form-control wpcf7-date\" placeholder=\"Ankunft\" \/> <\/span> <\/div>\n<div class=\"inputrow\"><span class=\"wpcf7-form-control-wrap date-869\"><input type=\"text\" name=\"date-869\" value=\"\" size=\"40\" class=\"wpcf7-form-control wpcf7-date\" placeholder=\"Abfahrt\" \/> <\/span> <\/div>\n<\/div>\n<div class=\"vc_col-lg-4 vc_col-md-12 vc_col-sm-12 vc_col_xs-12 wpb_column vc_column_container richiesta\">\n<div class=\"textrow\"> <span class=\"wpcf7-form-control-wrap your-message\"><textarea name=\"your-message\" cols=\"40\" rows=\"6\" class=\"wpcf7-form-control wpcf7-textarea\" aria-invalid=\"false\" placeholder=\"Anfrage\"><\/textarea><\/span><\/div>\n<\/div>\n<\/div>\n<div class=\"vc_row\">\n<div class=\"vc_col-sm-8 wpb_column vc_column_container inviodati\">\n<span class=\"wpcf7-form-control-wrap accettazione-privacy\"><span class=\"wpcf7-form-control wpcf7-acceptance\"><span class=\"wpcf7-list-item\"><input type=\"checkbox\" name=\"accettazione-privacy\" value=\"1\" aria-invalid=\"false\" class=\"check\" \/><\/span><\/span><\/span>  <small>Ich habe die <a href=\"privacy\" target=\"_blank\"> Datenverarbeitung <\/a> gelesen und akzeptiert<\/small>\n<\/div>\n<div class=\"vc_col-sm-4 wpb_column vc_column_container inviodati\">\n<input type=\"submit\" value=\"Anfrage absenden\" class=\"wpcf7-form-control wpcf7-submit secondo\" \/>\n<\/div>\n<\/div>\n<\/div>\n<p><center><br\/><a href=\"\/cookie-policy\/\" target=\"_blank\" style=\"color:#333 !important;\"><strong>COOKIE<\/strong> <\/a> - <a href=\"\/privacy-policy\/\" target=\"_blank\" style=\"color:#333 !important;\"><strong>PRIVACY<\/strong> <\/a><br><br \/>\n<\/center><\/p>\n<div class=\"wpcf7-response-output wpcf7-display-none\" aria-hidden=\"true\"><\/div><\/form><\/div>[\/vc_column_inner][vc_column_inner width=&#8220;1\/3&#8243;][vc_empty_space][vc_custom_heading text=&#8220;Messnerhof&#8220; use_theme_fonts=&#8220;yes&#8220;][vc_empty_space][vc_column_text]<strong>Weingut<\/strong><br \/>\nBernhard Pichler<br \/>\nSt. Peterweg 7<\/p>\n<p>39100 Bozen<\/p>\n<p>Telefon | Fax \u00a0<a href=\"tel:00390471977162\">+39 0471 977162<\/a><\/p>\n<p>Mobilphone <a href=\"tel:00393394732612\">+39 339 4732612<\/a><br \/>\nE-mail\u00a0<a href=\"mailto:info@messnerhof.net\">info@messnerhof.net<\/a>[\/vc_column_text][\/vc_column_inner][\/vc_row_inner]<div class=\"ult-spacer spacer-69d2bdfb97cca\" data-id=\"69d2bdfb97cca\" data-height=\"100\" data-height-mobile=\"40\" data-height-tab=\"100\" data-height-tab-portrait=\"70\" data-height-mobile-landscape=\"40\" style=\"clear:both;display:block;\"><\/div>[\/vc_column][\/vc_row]<\/p>\n","protected":false},"excerpt":{"rendered":"<p>[vc_row gap=&#8220;35&#8243; css_animation=&#8220;fadeInUp&#8220;][vc_column][vc_empty_space height=&#8220;120px&#8220;][vc_row_inner equal_height=&#8220;yes&#8220; content_placement=&#8220;middle&#8220; gap=&#8220;35&#8243;][vc_column_inner][vc_custom_heading source=&#8220;post_title&#8220; font_container=&#8220;tag:h1|text_align:left&#8220; use_theme_fonts=&#8220;yes&#8220;][vc_empty_space][vc_empty_space][vc_column_text]Alle Weine sind bei uns im Betrieb erh\u00e4ltlich. Wir freuen uns \u00fcber jeden Kunden der die Weine direkt bei uns bezieht, denn wir sch\u00e4tzen den direkten Kontakt sehr und sind froh \u00fcber jede ernst gemeinte Kritik und Anregung. Bei uns am Betrieb besteht die M\u00f6glichkeit die [&hellip;]<\/p>\n","protected":false},"author":1,"featured_media":0,"parent":2475,"menu_order":15,"comment_status":"closed","ping_status":"closed","template":"","meta":[],"yoast_head":"<!-- This site is optimized with the Yoast SEO plugin v14.2 - https:\/\/yoast.com\/wordpress\/plugins\/seo\/ -->\n<title>Verkauf - Messnerhof - Weingut. Tenuta. Winery<\/title>\n<meta name=\"robots\" content=\"noindex, follow\" \/>\n<meta property=\"og:locale\" content=\"de_DE\" \/>\n<meta property=\"og:type\" content=\"article\" \/>\n<meta property=\"og:title\" content=\"Verkauf - Messnerhof - Weingut. Tenuta. Winery\" \/>\n<meta property=\"og:description\" content=\"[vc_row gap=&#8220;35&#8243; css_animation=&#8220;fadeInUp&#8220;][vc_column][vc_empty_space height=&#8220;120px&#8220;][vc_row_inner equal_height=&#8220;yes&#8220; content_placement=&#8220;middle&#8220; gap=&#8220;35&#8243;][vc_column_inner][vc_custom_heading source=&#8220;post_title&#8220; font_container=&#8220;tag:h1|text_align:left&#8220; use_theme_fonts=&#8220;yes&#8220;][vc_empty_space][vc_empty_space][vc_column_text]Alle Weine sind bei uns im Betrieb erh\u00e4ltlich. Wir freuen uns \u00fcber jeden Kunden der die Weine direkt bei uns bezieht, denn wir sch\u00e4tzen den direkten Kontakt sehr und sind froh \u00fcber jede ernst gemeinte Kritik und Anregung. Bei uns am Betrieb besteht die M\u00f6glichkeit die [&hellip;]\" \/>\n<meta property=\"og:url\" content=\"https:\/\/demosite78.dominimarketing01.it\/de\/vini-2\/vendita\/\" \/>\n<meta property=\"og:site_name\" content=\"Messnerhof - Weingut. Tenuta. Winery\" \/>\n<meta property=\"article:modified_time\" content=\"2021-04-19T13:20:02+00:00\" \/>\n<meta name=\"twitter:card\" content=\"summary_large_image\" \/>\n<script type=\"application\/ld+json\" class=\"yoast-schema-graph\">{\"@context\":\"https:\/\/schema.org\",\"@graph\":[{\"@type\":\"WebSite\",\"@id\":\"https:\/\/demosite78.dominimarketing01.it\/de\/#website\",\"url\":\"https:\/\/demosite78.dominimarketing01.it\/de\/\",\"name\":\"Messnerhof - Weingut. Tenuta. Winery\",\"description\":\"Messnerhof - Weingut. Tenuta. Winery\",\"potentialAction\":[{\"@type\":\"SearchAction\",\"target\":\"https:\/\/demosite78.dominimarketing01.it\/de\/?s={search_term_string}\",\"query-input\":\"required name=search_term_string\"}],\"inLanguage\":\"de\"},{\"@type\":\"WebPage\",\"@id\":\"https:\/\/demosite78.dominimarketing01.it\/de\/vini-2\/vendita\/#webpage\",\"url\":\"https:\/\/demosite78.dominimarketing01.it\/de\/vini-2\/vendita\/\",\"name\":\"Verkauf - Messnerhof - Weingut. Tenuta. Winery\",\"isPartOf\":{\"@id\":\"https:\/\/demosite78.dominimarketing01.it\/de\/#website\"},\"datePublished\":\"2020-02-17T14:02:47+00:00\",\"dateModified\":\"2021-04-19T13:20:02+00:00\",\"inLanguage\":\"de\",\"potentialAction\":[{\"@type\":\"ReadAction\",\"target\":[\"https:\/\/demosite78.dominimarketing01.it\/de\/vini-2\/vendita\/\"]}]}]}<\/script>\n<!-- \/ Yoast SEO plugin. -->","_links":{"self":[{"href":"https:\/\/demosite78.dominimarketing01.it\/de\/wp-json\/wp\/v2\/pages\/2479"}],"collection":[{"href":"https:\/\/demosite78.dominimarketing01.it\/de\/wp-json\/wp\/v2\/pages"}],"about":[{"href":"https:\/\/demosite78.dominimarketing01.it\/de\/wp-json\/wp\/v2\/types\/page"}],"author":[{"embeddable":true,"href":"https:\/\/demosite78.dominimarketing01.it\/de\/wp-json\/wp\/v2\/users\/1"}],"replies":[{"embeddable":true,"href":"https:\/\/demosite78.dominimarketing01.it\/de\/wp-json\/wp\/v2\/comments?post=2479"}],"version-history":[{"count":12,"href":"https:\/\/demosite78.dominimarketing01.it\/de\/wp-json\/wp\/v2\/pages\/2479\/revisions"}],"predecessor-version":[{"id":3457,"href":"https:\/\/demosite78.dominimarketing01.it\/de\/wp-json\/wp\/v2\/pages\/2479\/revisions\/3457"}],"up":[{"embeddable":true,"href":"https:\/\/demosite78.dominimarketing01.it\/de\/wp-json\/wp\/v2\/pages\/2475"}],"wp:attachment":[{"href":"https:\/\/demosite78.dominimarketing01.it\/de\/wp-json\/wp\/v2\/media?parent=2479"}],"curies":[{"name":"wp","href":"https:\/\/api.w.org\/{rel}","templated":true}]}}