{"id":2374,"date":"2020-02-17T15:02:47","date_gmt":"2020-02-17T14:02:47","guid":{"rendered":"https:\/\/demosite78.dominimarketing01.it\/circuiti\/"},"modified":"2021-04-19T14:43:45","modified_gmt":"2021-04-19T12:43:45","slug":"circuiti","status":"publish","type":"page","link":"https:\/\/demosite78.dominimarketing01.it\/de\/chi-siamo\/circuiti\/","title":{"rendered":"Mitgliedschaften"},"content":{"rendered":"<p>[vc_row gap=&#8220;35&#8243; css_animation=&#8220;fadeInUp&#8220;][vc_column][vc_empty_space height=&#8220;120px&#8220;][vc_custom_heading text=&#8220;Mitgliedschaften&#8220; font_container=&#8220;tag:h1|text_align:left&#8220; use_theme_fonts=&#8220;yes&#8220;][vc_empty_space][vc_empty_space][vc_row_inner equal_height=&#8220;yes&#8220; content_placement=&#8220;middle&#8220; gap=&#8220;35&#8243;][vc_column_inner width=&#8220;2\/3&#8243;][vc_column_text]<strong>Freie Weinbauern S\u00fcdtirol (FWS) <\/strong>Zw\u00f6lf Winzer S\u00fcdtirols schlossen sich 1999 als Verein unabh\u00e4ngiger Weinproduzenten zusammen. Die FWS verstehen sich als Interessensvertretung und Dienstleister f\u00fcr ihre Mitglieder sowie als authentische und vielseitige Botschafter der S\u00fcdtiroler Weinkuktur.Die Freien Weinbauern S\u00fcdtirol (FWS) vertreten heute 91 eigenst\u00e4ndige Weinproduzenten aus den \u00fcberaus vielf\u00e4ltigen Anbaugebieten der Region, die sich vom Vinschgau und dem Eisacktal bis ins Unterland erstrecken. Jedes Terroir hat seinen eigenen Charakter und unsere Weinbauern, die sehr individuelle Typen sind, verleihen jedem Wein ihre ureigene Handschrift.Siehe auch\u00a0<a href=\"http:\/\/www.fws.it\">www.fws.it<\/a>[\/vc_column_text][\/vc_column_inner][vc_column_inner width=&#8220;1\/3&#8243;][vc_single_image image=&#8220;1926&#8243; img_size=&#8220;full&#8220; alignment=&#8220;center&#8220; onclick=&#8220;custom_link&#8220; img_link_target=&#8220;_blank&#8220; link=&#8220;http:\/\/www.fws.it\/&#8220;][\/vc_column_inner][\/vc_row_inner][vc_separator align=&#8220;align_left&#8220;][vc_row_inner equal_height=&#8220;yes&#8220; content_placement=&#8220;middle&#8220; gap=&#8220;35&#8243;][vc_column_inner width=&#8220;2\/3&#8243;][vc_column_text]<strong>Federazione Italiana Vignaioli Italiani (FIVI) <\/strong>Die Vereinigung der Italienischen Unabh\u00e4ngigen Weinbauern, sie vertritt die Weinbauern und setzt sich f\u00fcr die Qualit\u00e4t und die Authentizit\u00e4t der italienischen Weine ein. Diese nationale Vereinigung wurde nach Vorverhandlung\u00a0 durch Vertreter der Freien Weinbauern S\u00fcdtirols, Aostas, des Piemonts und der Toskana am 17. Juli 2008 in Colorno gegr\u00fcndet. Die FIVI m\u00f6chte die Ziele der Mitglieder regional sammeln, national einfordern und europ\u00e4isch vorbringen. Diese Ziele betreffen alle Bed\u00fcrfnisse, welche sich aus der T\u00e4tigkeit selbstvermarktender Winzer ergeben: Weinbau, Einkellerung, Abf\u00fcllung und Vermarktung.Siehe auch <a href=\"http:\/\/www.fivi.it\">www.fivi.it<\/a>[\/vc_column_text][\/vc_column_inner][vc_column_inner width=&#8220;1\/3&#8243;][vc_single_image image=&#8220;1930&#8243; img_size=&#8220;full&#8220; alignment=&#8220;center&#8220; onclick=&#8220;custom_link&#8220; img_link_target=&#8220;_blank&#8220; link=&#8220;http:\/\/www.fivi.it\/&#8220;][\/vc_column_inner][\/vc_row_inner][vc_separator align=&#8220;align_left&#8220;][vc_row_inner equal_height=&#8220;yes&#8220; content_placement=&#8220;middle&#8220; gap=&#8220;35&#8243;][vc_column_inner width=&#8220;2\/3&#8243;][vc_column_text]<strong>Conf\u00e9d\u00e9ration Europ\u00e9enne des Vignerons Ind\u00e9pendants (CEVI) <\/strong>Dieser europ\u00e4ische Verband wurde im Dezember 2002 in Paris gegr\u00fcndet, wobei die Vignerons Ind\u00e9pendants de France (VIF) den Hauptimpuls gaben. Die franz\u00f6sische Vereinigung nutzt auf nationaler Ebene schon seit Jahrzehnten die Vorteile einer starken und direkten Vertretung. Mit dem Schritt auf europ\u00e4ische Ebene, sollte vor allem die Mitsprache bei der vorwiegend in Br\u00fcssel stattfindenden Gesetzgebung angestrebt werden, was mittlerweile schon gelungen ist. Im Fr\u00fchjahr 2009 trat auch <strong>FIVI<\/strong> offiziell der <strong>CEVI<\/strong> bei und kann nun auf europ\u00e4ischer Ebene mithelfen, die Interessen zu vertreten.Siehe auch <a href=\"http:\/\/www.cevi-eciw.eu\">www.cevi-eciw.eu<\/a>[\/vc_column_text][\/vc_column_inner][vc_column_inner width=&#8220;1\/3&#8243;][vc_single_image image=&#8220;1933&#8243; img_size=&#8220;full&#8220; alignment=&#8220;center&#8220; onclick=&#8220;custom_link&#8220; img_link_target=&#8220;_blank&#8220; link=&#8220;http:\/\/www.cevi-eciw.eu\/&#8220;][\/vc_column_inner][\/vc_row_inner][vc_separator align=&#8220;align_left&#8220;][vc_row_inner equal_height=&#8220;yes&#8220; content_placement=&#8220;middle&#8220; gap=&#8220;35&#8243;][vc_column_inner width=&#8220;2\/3&#8243;][vc_column_text]<strong>S\u00fcdtiroler Weinstrasse\u00a0<\/strong>Die S\u00fcdtiroler Weinstra\u00dfe beginnt in Nals und verl\u00e4uft \u00fcber die Weinstadt Bozen durch das \u00dcberetsch und Unterland bis in den S\u00fcdtiroler S\u00fcden nach SalurnDie S\u00fcdtiroler Weinstrasse sieht sich als Bindeglied zwischen der S\u00fcdtiroler Weinwirtschaft und dem Tourismus. In der Zusammenarbeit von Weinbau- und Beherbergungsbetrieben werden viele interessante Veranstaltungen und Aktionen zum Thema Weinund Genuss organisiert.Die S\u00fcdtiroler Weinstrasse ist eine Aktions- und Informationsplattform bei der alle F\u00e4den zum Thema Wein und Tourismus entlang der Weinstrasse zusammenlaufen. Beliebte Veranstaltungen sind:WeinstrassenwochenWeinsafariNacht der offenen Keller. Siehe auch\u00a0<a href=\"http:\/\/www.suedtiroler-weinstrasse.it\">www.suedtiroler-weinstrasse.it<\/a>[\/vc_column_text][\/vc_column_inner][vc_column_inner width=&#8220;1\/3&#8243;][vc_single_image image=&#8220;1937&#8243; img_size=&#8220;full&#8220; alignment=&#8220;center&#8220; onclick=&#8220;custom_link&#8220; img_link_target=&#8220;_blank&#8220; link=&#8220;http:\/\/www.suedtiroler-weinstrasse.it\/&#8220;][\/vc_column_inner][\/vc_row_inner][vc_separator align=&#8220;align_left&#8220;][vc_row_inner equal_height=&#8220;yes&#8220; content_placement=&#8220;middle&#8220; gap=&#8220;35&#8243;][vc_column_inner width=&#8220;2\/3&#8243;][vc_column_text]<strong>Lorenzinacht\u00a0<\/strong>Der Verein Lorenzinacht ist die Vereinigung der Bozner Kellereibetriebe und organisiert allj\u00e4hrlich um den 10. August unter den historischen Bozner Lauben die gr\u00f6\u00dfte Weinverkostung S\u00fcdtirols.[\/vc_column_text][\/vc_column_inner][vc_column_inner width=&#8220;1\/3&#8243;][vc_single_image image=&#8220;1940&#8243; img_size=&#8220;full&#8220; alignment=&#8220;center&#8220;][\/vc_column_inner][\/vc_row_inner][vc_separator align=&#8220;align_left&#8220;][vc_row_inner equal_height=&#8220;yes&#8220; content_placement=&#8220;middle&#8220; gap=&#8220;35&#8243;][vc_column_inner width=&#8220;2\/3&#8243;][vc_column_text]<strong>S\u00fcdtirol Wein <\/strong>Das Konsortium S\u00fcdtirol Wein ist eine gemeinsame Plattform, auf der die S\u00fcdtiroler Weinwirtschaft ihre Belange diskutiert, ein einheitliches Sprachrohr nach innen und nach au\u00dfen.Im Oktober 2007 wurde das \u201eKonsortium zum Schutz der S\u00fcdtiroler Qualit\u00e4tsweine\u201c gegr\u00fcndet und hat eine direkte institutionelle Bedeutung und kann eigenst\u00e4ndig Eingaben in der Handelskammer, in der Provinz Bozen oder auf nationaler Ebene in Italien machen.Aktuell z\u00e4hlt das Konsortium 155 Mitglieder, die \u00fcber 99% der S\u00fcdtiroler DOC-Fl\u00e4che bewirtschaften. Die Mitglieder geh\u00f6ren den drei Verb\u00e4nden der <strong>Freien Weinbauern<\/strong> der Kellereigenossenschaften und der Weinhandelsbetriebe an. Aus ihren Reihen wird der 10-k\u00f6pfige Verwaltungsrat bestellt.<br \/>\nAu\u00dferdem pflegt das Konsortium eine enge Zusammenarbeit mit Bauernbund, Beratungsring, Abteilung Landwirtschaft der Autonomen Provinz Bozen, EOS, SMG usw.Siehe auch\u00a0<a href=\"http:\/\/www.suedtiroler-weinstrasse.it\">www.suedtirolwein.com<\/a>[\/vc_column_text][\/vc_column_inner][vc_column_inner width=&#8220;1\/3&#8243;][vc_single_image image=&#8220;1943&#8243; img_size=&#8220;full&#8220; alignment=&#8220;center&#8220; onclick=&#8220;custom_link&#8220; img_link_target=&#8220;_blank&#8220; link=&#8220;http:\/\/www.suedtiroler-weinstrasse.it\/&#8220;][\/vc_column_inner][\/vc_row_inner][\/vc_column][\/vc_row][vc_row][vc_column][vc_row_inner equal_height=&#8220;yes&#8220; gap=&#8220;35&#8243;][vc_column_inner width=&#8220;5\/12&#8243; css=&#8220;.vc_custom_1593441152661{background-image: url(https:\/\/demosite78.dominimarketing01.it\/wp-content\/uploads\/MAPPA-1.jpg?id=1339) !important;background-position: center !important;background-repeat: no-repeat !important;background-size: cover !important;}&#8220; offset=&#8220;vc_col-lg-offset-2 vc_col-lg-4 vc_col-md-offset-2 vc_col-md-4 vc_col-sm-offset-1&#8243;]<div class=\"ult-spacer spacer-69d2be3117543\" data-id=\"69d2be3117543\" data-height=\"130\" data-height-mobile=\"100\" data-height-tab=\"130\" data-height-tab-portrait=\"100\" data-height-mobile-landscape=\"100\" style=\"clear:both;display:block;\"><\/div>[vc_custom_heading text=&#8220;\u00dcber uns&#8220; font_container=&#8220;tag:h4|text_align:center|color:%23ffffff&#8220; google_fonts=&#8220;font_family:Montserrat%3Aregular%2C700|font_style:700%20bold%20regular%3A700%3Anormal&#8220; link=&#8220;url:https%3A%2F%2Fdemosite78.dominimarketing01.it%2Fde%2F%23recensioni|title:Dove%20siamo&#8220;]<div class=\"ult-spacer spacer-69d2be3117584\" data-id=\"69d2be3117584\" data-height=\"130\" data-height-mobile=\"100\" data-height-tab=\"130\" data-height-tab-portrait=\"100\" data-height-mobile-landscape=\"100\" style=\"clear:both;display:block;\"><\/div>[\/vc_column_inner][vc_column_inner width=&#8220;5\/12&#8243; css=&#8220;.vc_custom_1593441208202{background-image: url(https:\/\/demosite78.dominimarketing01.it\/wp-content\/uploads\/MESSNERHOF-foto-azienda-generale-DSC_0305.jpg?id=1744) !important;background-position: center !important;background-repeat: no-repeat !important;background-size: cover !important;}&#8220; offset=&#8220;vc_col-lg-4 vc_col-md-4&#8243;]<div class=\"ult-spacer spacer-69d2be31175a6\" data-id=\"69d2be31175a6\" data-height=\"130\" data-height-mobile=\"100\" data-height-tab=\"130\" data-height-tab-portrait=\"100\" data-height-mobile-landscape=\"100\" style=\"clear:both;display:block;\"><\/div>[vc_custom_heading text=&#8220;Weinpatenschaft&#8220; font_container=&#8220;tag:h4|text_align:center|color:%23ffffff&#8220; google_fonts=&#8220;font_family:Montserrat%3Aregular%2C700|font_style:700%20bold%20regular%3A700%3Anormal&#8220; link=&#8220;url:https%3A%2F%2Fdemosite78.dominimarketing01.it%2Fde%2Fvini-2%2Fadotta-una-vite%2F|title:Filosofia&#8220;]<div class=\"ult-spacer spacer-69d2be31175c4\" data-id=\"69d2be31175c4\" data-height=\"130\" data-height-mobile=\"100\" data-height-tab=\"130\" data-height-tab-portrait=\"100\" data-height-mobile-landscape=\"100\" style=\"clear:both;display:block;\"><\/div>[\/vc_column_inner][\/vc_row_inner][\/vc_column][\/vc_row][vc_row full_width=&#8220;stretch_row&#8220; css=&#8220;.vc_custom_1593437279094{background-color: #f1f1f1 !important;}&#8220;][vc_column][vc_raw_html]JTVCcHMyaWQlMjBpZCUzRCUyN2NvbnRhdHRpJTI3JTJGJTVE[\/vc_raw_html][vc_row_inner equal_height=&#8220;yes&#8220; content_placement=&#8220;top&#8220; gap=&#8220;35&#8243;][vc_column_inner width=&#8220;2\/3&#8243;][vc_empty_space][vc_custom_heading text=&#8220;Kontaktiere uns&#8220; use_theme_fonts=&#8220;yes&#8220;][vc_empty_space]<div role=\"form\" class=\"wpcf7\" id=\"wpcf7-f2378-o1\" lang=\"en-US\" dir=\"ltr\">\n<div class=\"screen-reader-response\" aria-live=\"polite\"><\/div>\n<form action=\"\/de\/wp-json\/wp\/v2\/pages\/2374#wpcf7-f2378-o1\" method=\"post\" class=\"wpcf7-form\" novalidate=\"novalidate\">\n<div style=\"display: none;\">\n<input type=\"hidden\" name=\"_wpcf7\" value=\"2378\" \/>\n<input type=\"hidden\" name=\"_wpcf7_version\" value=\"5.1.9\" \/>\n<input type=\"hidden\" name=\"_wpcf7_locale\" value=\"en_US\" \/>\n<input type=\"hidden\" name=\"_wpcf7_unit_tag\" value=\"wpcf7-f2378-o1\" \/>\n<input type=\"hidden\" name=\"_wpcf7_container_post\" value=\"0\" \/>\n<\/div>\n<div class=\"contactcenter\" >\n<input type=\"hidden\" name=\"your-subject\" value=\"Richiesta dal form in Tedesco\" class=\"wpcf7-form-control wpcf7-hidden\" \/>\n<div class=\"vc_row flexrow\">\n<div class=\"vc_col-lg-4 vc_col-md-6 vc_col-sm-12 vc_col_xs-12 wpb_column vc_column_container dati\">\n<div class=\"inputrow\"><span class=\"wpcf7-form-control-wrap your-name\"><input type=\"text\" name=\"your-name\" value=\"\" size=\"40\" class=\"wpcf7-form-control wpcf7-text wpcf7-validates-as-required\" aria-required=\"true\" aria-invalid=\"false\" placeholder=\"Vorname\" \/><\/span> <\/div>\n<div class=\"inputrow\"><span class=\"wpcf7-form-control-wrap your-email\"><input type=\"email\" name=\"your-email\" value=\"\" size=\"40\" class=\"wpcf7-form-control wpcf7-text wpcf7-email wpcf7-validates-as-required wpcf7-validates-as-email\" aria-required=\"true\" aria-invalid=\"false\" placeholder=\"E-mail\" \/><\/span> <\/div>\n<div class=\"inputrow\"><span class=\"wpcf7-form-control-wrap your-phone\"><input type=\"text\" name=\"your-phone\" value=\"\" size=\"40\" class=\"wpcf7-form-control wpcf7-text wpcf7-validates-as-required\" aria-required=\"true\" aria-invalid=\"false\" placeholder=\"Telefon\" \/><\/span> <\/div>\n<\/div>\n<div class=\"vc_col-lg-4 vc_col-md-6 vc_col-sm-12 vc_col_xs-12 wpb_column vc_column_container soggiorno\">\n<div class=\"inputrow\"><span class=\"wpcf7-form-control-wrap your-adults\"><input type=\"text\" name=\"your-adults\" value=\"\" size=\"40\" class=\"wpcf7-form-control wpcf7-text wpcf7-validates-as-required\" aria-required=\"true\" aria-invalid=\"false\" placeholder=\"Menschen\" \/><\/span> <\/div>\n<div class=\"inputrow\"><span class=\"wpcf7-form-control-wrap date-868\"><input type=\"text\" name=\"date-868\" value=\"\" size=\"40\" class=\"wpcf7-form-control wpcf7-date\" placeholder=\"Ankunft\" \/> <\/span> <\/div>\n<div class=\"inputrow\"><span class=\"wpcf7-form-control-wrap date-869\"><input type=\"text\" name=\"date-869\" value=\"\" size=\"40\" class=\"wpcf7-form-control wpcf7-date\" placeholder=\"Abfahrt\" \/> <\/span> <\/div>\n<\/div>\n<div class=\"vc_col-lg-4 vc_col-md-12 vc_col-sm-12 vc_col_xs-12 wpb_column vc_column_container richiesta\">\n<div class=\"textrow\"> <span class=\"wpcf7-form-control-wrap your-message\"><textarea name=\"your-message\" cols=\"40\" rows=\"6\" class=\"wpcf7-form-control wpcf7-textarea\" aria-invalid=\"false\" placeholder=\"Anfrage\"><\/textarea><\/span><\/div>\n<\/div>\n<\/div>\n<div class=\"vc_row\">\n<div class=\"vc_col-sm-8 wpb_column vc_column_container inviodati\">\n<span class=\"wpcf7-form-control-wrap accettazione-privacy\"><span class=\"wpcf7-form-control wpcf7-acceptance\"><span class=\"wpcf7-list-item\"><input type=\"checkbox\" name=\"accettazione-privacy\" value=\"1\" aria-invalid=\"false\" class=\"check\" \/><\/span><\/span><\/span>  <small>Ich habe die <a href=\"privacy\" target=\"_blank\"> Datenverarbeitung <\/a> gelesen und akzeptiert<\/small>\n<\/div>\n<div class=\"vc_col-sm-4 wpb_column vc_column_container inviodati\">\n<input type=\"submit\" value=\"Anfrage absenden\" class=\"wpcf7-form-control wpcf7-submit secondo\" \/>\n<\/div>\n<\/div>\n<\/div>\n<p><center><br\/><a href=\"\/cookie-policy\/\" target=\"_blank\" style=\"color:#333 !important;\"><strong>COOKIE<\/strong> <\/a> - <a href=\"\/privacy-policy\/\" target=\"_blank\" style=\"color:#333 !important;\"><strong>PRIVACY<\/strong> <\/a><br><br \/>\n<\/center><\/p>\n<div class=\"wpcf7-response-output wpcf7-display-none\" aria-hidden=\"true\"><\/div><\/form><\/div>[\/vc_column_inner][vc_column_inner width=&#8220;1\/3&#8243;][vc_empty_space][vc_custom_heading text=&#8220;Messnerhof&#8220; use_theme_fonts=&#8220;yes&#8220;][vc_empty_space][vc_column_text]<strong>Weingut<\/strong><br \/>\nBernhard Pichler<br \/>\nSt. Peterweg 7<\/p>\n<p>39100 Bozen<\/p>\n<p>Telefon | Fax \u00a0<a href=\"tel:00390471977162\">+39 0471 977162<\/a><\/p>\n<p>Mobilphone <a href=\"tel:00393394732612\">+39 339 4732612<\/a><br \/>\nE-mail\u00a0<a href=\"mailto:info@messnerhof.net\">info@messnerhof.net<\/a>[\/vc_column_text][\/vc_column_inner][\/vc_row_inner]<div class=\"ult-spacer spacer-69d2be3117d0f\" data-id=\"69d2be3117d0f\" data-height=\"100\" data-height-mobile=\"40\" data-height-tab=\"100\" data-height-tab-portrait=\"70\" data-height-mobile-landscape=\"40\" style=\"clear:both;display:block;\"><\/div>[\/vc_column][\/vc_row]<\/p>\n","protected":false},"excerpt":{"rendered":"<p>[vc_row gap=&#8220;35&#8243; css_animation=&#8220;fadeInUp&#8220;][vc_column][vc_empty_space height=&#8220;120px&#8220;][vc_custom_heading text=&#8220;Mitgliedschaften&#8220; font_container=&#8220;tag:h1|text_align:left&#8220; use_theme_fonts=&#8220;yes&#8220;][vc_empty_space][vc_empty_space][vc_row_inner equal_height=&#8220;yes&#8220; content_placement=&#8220;middle&#8220; gap=&#8220;35&#8243;][vc_column_inner width=&#8220;2\/3&#8243;][vc_column_text]Freie Weinbauern S\u00fcdtirol (FWS) Zw\u00f6lf Winzer S\u00fcdtirols schlossen sich 1999 als Verein unabh\u00e4ngiger Weinproduzenten zusammen. Die FWS verstehen sich als Interessensvertretung und Dienstleister f\u00fcr ihre Mitglieder sowie als authentische und vielseitige Botschafter der S\u00fcdtiroler Weinkuktur.Die Freien Weinbauern S\u00fcdtirol (FWS) vertreten heute 91 eigenst\u00e4ndige Weinproduzenten aus [&hellip;]<\/p>\n","protected":false},"author":1,"featured_media":0,"parent":2441,"menu_order":20,"comment_status":"closed","ping_status":"closed","template":"","meta":[],"yoast_head":"<!-- This site is optimized with the Yoast SEO plugin v14.2 - https:\/\/yoast.com\/wordpress\/plugins\/seo\/ -->\n<title>Mitgliedschaften - Messnerhof - Weingut. Tenuta. Winery<\/title>\n<meta name=\"robots\" content=\"noindex, follow\" \/>\n<meta property=\"og:locale\" content=\"de_DE\" \/>\n<meta property=\"og:type\" content=\"article\" \/>\n<meta property=\"og:title\" content=\"Mitgliedschaften - Messnerhof - Weingut. Tenuta. Winery\" \/>\n<meta property=\"og:description\" content=\"[vc_row gap=&#8220;35&#8243; css_animation=&#8220;fadeInUp&#8220;][vc_column][vc_empty_space height=&#8220;120px&#8220;][vc_custom_heading text=&#8220;Mitgliedschaften&#8220; font_container=&#8220;tag:h1|text_align:left&#8220; use_theme_fonts=&#8220;yes&#8220;][vc_empty_space][vc_empty_space][vc_row_inner equal_height=&#8220;yes&#8220; content_placement=&#8220;middle&#8220; gap=&#8220;35&#8243;][vc_column_inner width=&#8220;2\/3&#8243;][vc_column_text]Freie Weinbauern S\u00fcdtirol (FWS) Zw\u00f6lf Winzer S\u00fcdtirols schlossen sich 1999 als Verein unabh\u00e4ngiger Weinproduzenten zusammen. Die FWS verstehen sich als Interessensvertretung und Dienstleister f\u00fcr ihre Mitglieder sowie als authentische und vielseitige Botschafter der S\u00fcdtiroler Weinkuktur.Die Freien Weinbauern S\u00fcdtirol (FWS) vertreten heute 91 eigenst\u00e4ndige Weinproduzenten aus [&hellip;]\" \/>\n<meta property=\"og:url\" content=\"https:\/\/demosite78.dominimarketing01.it\/de\/chi-siamo\/circuiti\/\" \/>\n<meta property=\"og:site_name\" content=\"Messnerhof - Weingut. Tenuta. Winery\" \/>\n<meta property=\"article:modified_time\" content=\"2021-04-19T12:43:45+00:00\" \/>\n<meta name=\"twitter:card\" content=\"summary_large_image\" \/>\n<script type=\"application\/ld+json\" class=\"yoast-schema-graph\">{\"@context\":\"https:\/\/schema.org\",\"@graph\":[{\"@type\":\"WebSite\",\"@id\":\"https:\/\/demosite78.dominimarketing01.it\/de\/#website\",\"url\":\"https:\/\/demosite78.dominimarketing01.it\/de\/\",\"name\":\"Messnerhof - Weingut. Tenuta. Winery\",\"description\":\"Messnerhof - Weingut. Tenuta. Winery\",\"potentialAction\":[{\"@type\":\"SearchAction\",\"target\":\"https:\/\/demosite78.dominimarketing01.it\/de\/?s={search_term_string}\",\"query-input\":\"required name=search_term_string\"}],\"inLanguage\":\"de\"},{\"@type\":\"WebPage\",\"@id\":\"https:\/\/demosite78.dominimarketing01.it\/de\/chi-siamo\/circuiti\/#webpage\",\"url\":\"https:\/\/demosite78.dominimarketing01.it\/de\/chi-siamo\/circuiti\/\",\"name\":\"Mitgliedschaften - Messnerhof - Weingut. Tenuta. Winery\",\"isPartOf\":{\"@id\":\"https:\/\/demosite78.dominimarketing01.it\/de\/#website\"},\"datePublished\":\"2020-02-17T14:02:47+00:00\",\"dateModified\":\"2021-04-19T12:43:45+00:00\",\"inLanguage\":\"de\",\"potentialAction\":[{\"@type\":\"ReadAction\",\"target\":[\"https:\/\/demosite78.dominimarketing01.it\/de\/chi-siamo\/circuiti\/\"]}]}]}<\/script>\n<!-- \/ Yoast SEO plugin. -->","_links":{"self":[{"href":"https:\/\/demosite78.dominimarketing01.it\/de\/wp-json\/wp\/v2\/pages\/2374"}],"collection":[{"href":"https:\/\/demosite78.dominimarketing01.it\/de\/wp-json\/wp\/v2\/pages"}],"about":[{"href":"https:\/\/demosite78.dominimarketing01.it\/de\/wp-json\/wp\/v2\/types\/page"}],"author":[{"embeddable":true,"href":"https:\/\/demosite78.dominimarketing01.it\/de\/wp-json\/wp\/v2\/users\/1"}],"replies":[{"embeddable":true,"href":"https:\/\/demosite78.dominimarketing01.it\/de\/wp-json\/wp\/v2\/comments?post=2374"}],"version-history":[{"count":11,"href":"https:\/\/demosite78.dominimarketing01.it\/de\/wp-json\/wp\/v2\/pages\/2374\/revisions"}],"predecessor-version":[{"id":3432,"href":"https:\/\/demosite78.dominimarketing01.it\/de\/wp-json\/wp\/v2\/pages\/2374\/revisions\/3432"}],"up":[{"embeddable":true,"href":"https:\/\/demosite78.dominimarketing01.it\/de\/wp-json\/wp\/v2\/pages\/2441"}],"wp:attachment":[{"href":"https:\/\/demosite78.dominimarketing01.it\/de\/wp-json\/wp\/v2\/media?parent=2374"}],"curies":[{"name":"wp","href":"https:\/\/api.w.org\/{rel}","templated":true}]}}